{"id":58,"date":"2023-07-21T02:01:22","date_gmt":"2023-07-21T02:01:22","guid":{"rendered":"https:\/\/themegavias.com\/wp\/pisole\/?page_id=58"},"modified":"2024-01-12T09:53:35","modified_gmt":"2024-01-12T09:53:35","slug":"our-partner","status":"publish","type":"page","link":"https:\/\/isdi-ks.com\/index.php\/sq\/our-partner\/","title":{"rendered":"Our Partner"},"content":{"rendered":"\t\t<div data-elementor-type=\"wp-page\" data-elementor-id=\"58\" class=\"elementor elementor-58\" data-elementor-post-type=\"page\">\n\t\t\t\t\t\t<section class=\"elementor-section elementor-top-section elementor-element elementor-element-17986db3 elementor-section-full_width elementor-section-height-default elementor-section-height-default\" data-id=\"17986db3\" data-element_type=\"section\" data-settings=\"{&quot;background_slideshow_transition_duration&quot;:1200,&quot;background_background&quot;:&quot;slideshow&quot;,&quot;background_slideshow_gallery&quot;:[{&quot;id&quot;:964,&quot;url&quot;:&quot;https:\\\/\\\/isdi-ks.com\\\/wp-content\\\/uploads\\\/2024\\\/01\\\/partnership-handshake-innovation-corporate-business-concept-scaled.jpg&quot;},{&quot;id&quot;:994,&quot;url&quot;:&quot;https:\\\/\\\/isdi-ks.com\\\/wp-content\\\/uploads\\\/2024\\\/01\\\/top-view-business-people-formal-wear-stacking-hands-table-scaled.jpg&quot;}],&quot;background_slideshow_ken_burns&quot;:&quot;yes&quot;,&quot;background_slideshow_ken_burns_zoom_direction&quot;:&quot;out&quot;,&quot;background_slideshow_loop&quot;:&quot;yes&quot;,&quot;background_slideshow_slide_duration&quot;:5000,&quot;background_slideshow_slide_transition&quot;:&quot;fade&quot;}\">\n\t\t\t\t\t\t\t<div class=\"elementor-background-overlay\"><\/div>\n\t\t\t\t\t\t\t<div class=\"elementor-container elementor-column-gap-default\">\n\t\t\t\t\t<div class=\"elementor-column elementor-col-100 elementor-top-column elementor-element elementor-element-373a6951\" data-id=\"373a6951\" data-element_type=\"column\">\n\t\t\t<div class=\"elementor-widget-wrap elementor-element-populated\">\n\t\t\t\t\t\t<div class=\"elementor-element elementor-element-21d44104 elementor-widget__width-initial elementor-widget elementor-widget-gva-heading-block\" data-id=\"21d44104\" data-element_type=\"widget\" data-widget_type=\"gva-heading-block.default\">\n\t\t\t\t<div class=\"elementor-widget-container\">\n\t\t\t\t\t<div class=\"gva-element-gva-heading-block gva-element\">   <div class=\"align-center style-1 widget gsc-heading box-align-left auto-responsive\">\r\n      <div class=\"content-inner\">\r\n         \r\n                  \r\n           \r\n         \r\n                     <h2 class=\"title\">\r\n               <span>Instituti i Sociologjis\u00eb, K\u00ebrkimeve  Demografike dhe Inovacionit <\/span>\r\n            <\/h2>\r\n                  \r\n         \r\n         \r\n      <\/div>\r\n   <\/div>\r\n<\/div>\t\t\t\t<\/div>\n\t\t\t\t<\/div>\n\t\t\t\t<div class=\"elementor-element elementor-element-6d829619 elementor-widget elementor-widget-html\" data-id=\"6d829619\" data-element_type=\"widget\" data-widget_type=\"html.default\">\n\t\t\t\t<div class=\"elementor-widget-container\">\n\t\t\t\t\t<div class=\"text-with-arrow\">\n    <span class=\"text\"> Partneret\n    <\/span>\n<\/div>\t\t\t\t<\/div>\n\t\t\t\t<\/div>\n\t\t\t\t\t<\/div>\n\t\t<\/div>\n\t\t\t\t\t<\/div>\n\t\t<\/section>\n\t\t<div class=\"elementor-element elementor-element-76e585c e-flex e-con-boxed e-con e-parent\" data-id=\"76e585c\" data-element_type=\"container\">\n\t\t\t\t\t<div class=\"e-con-inner\">\n\t\t\t\t<div class=\"elementor-element elementor-element-eab4f81 elementor-widget elementor-widget-text-editor\" data-id=\"eab4f81\" data-element_type=\"widget\" data-widget_type=\"text-editor.default\">\n\t\t\t\t<div class=\"elementor-widget-container\">\n\t\t\t\t\t\t\t\t\t<p><strong>ISDI vler\u00ebson partneritetet strategjike me organizatat k\u00ebrkimore, institucionet akademike, politik\u00ebb\u00ebr\u00ebsit dhe sektorin privat. Bashk\u00ebpunimet tona krijojn\u00eb mund\u00ebsi p\u00ebr shk\u00ebmbim njohurish dhe inovacione n\u00eb fushat p\u00ebrkat\u00ebse.<\/strong><\/p>\t\t\t\t\t\t\t\t<\/div>\n\t\t\t\t<\/div>\n\t\t\t\t\t<\/div>\n\t\t\t\t<\/div>\n\t\t<div class=\"elementor-element elementor-element-445083d9 e-flex e-con-boxed e-con e-parent\" data-id=\"445083d9\" data-element_type=\"container\">\n\t\t\t\t\t<div class=\"e-con-inner\">\n\t\t<div class=\"elementor-element elementor-element-122de205 e-con-full e-flex e-con e-child\" data-id=\"122de205\" data-element_type=\"container\">\n\t\t\t\t<div class=\"elementor-element elementor-element-531794e5 elementor-widget elementor-widget-image\" data-id=\"531794e5\" data-element_type=\"widget\" data-widget_type=\"image.default\">\n\t\t\t\t<div class=\"elementor-widget-container\">\n\t\t\t\t\t\t\t\t\t\t\t\t\t\t\t<img fetchpriority=\"high\" decoding=\"async\" width=\"900\" height=\"900\" src=\"https:\/\/isdi-ks.com\/wp-content\/uploads\/2024\/01\/overlay_5b3a60dd7616157f43827f26c096a8d2.png\" class=\"attachment-large size-large wp-image-884\" alt=\"\" srcset=\"https:\/\/isdi-ks.com\/wp-content\/uploads\/2024\/01\/overlay_5b3a60dd7616157f43827f26c096a8d2.png 900w, https:\/\/isdi-ks.com\/wp-content\/uploads\/2024\/01\/overlay_5b3a60dd7616157f43827f26c096a8d2-175x175.png 175w, https:\/\/isdi-ks.com\/wp-content\/uploads\/2024\/01\/overlay_5b3a60dd7616157f43827f26c096a8d2-768x768.png 768w, https:\/\/isdi-ks.com\/wp-content\/uploads\/2024\/01\/overlay_5b3a60dd7616157f43827f26c096a8d2-300x300.png 300w, https:\/\/isdi-ks.com\/wp-content\/uploads\/2024\/01\/overlay_5b3a60dd7616157f43827f26c096a8d2-600x600.png 600w, https:\/\/isdi-ks.com\/wp-content\/uploads\/2024\/01\/overlay_5b3a60dd7616157f43827f26c096a8d2-180x180.png 180w\" sizes=\"(max-width: 900px) 100vw, 900px\" \/>\t\t\t\t\t\t\t\t\t\t\t\t\t\t\t<\/div>\n\t\t\t\t<\/div>\n\t\t\t\t<\/div>\n\t\t<div class=\"elementor-element elementor-element-16ffdacc e-con-full e-flex e-con e-child\" data-id=\"16ffdacc\" data-element_type=\"container\">\n\t\t\t\t<div class=\"elementor-element elementor-element-2e51f8b9 elementor-widget elementor-widget-image\" data-id=\"2e51f8b9\" data-element_type=\"widget\" data-widget_type=\"image.default\">\n\t\t\t\t<div class=\"elementor-widget-container\">\n\t\t\t\t\t\t\t\t\t\t\t\t\t\t\t<img decoding=\"async\" width=\"400\" height=\"400\" src=\"https:\/\/isdi-ks.com\/wp-content\/uploads\/2024\/01\/New-Project-2.png\" class=\"attachment-large size-large wp-image-1014\" alt=\"\" srcset=\"https:\/\/isdi-ks.com\/wp-content\/uploads\/2024\/01\/New-Project-2.png 400w, https:\/\/isdi-ks.com\/wp-content\/uploads\/2024\/01\/New-Project-2-175x175.png 175w, https:\/\/isdi-ks.com\/wp-content\/uploads\/2024\/01\/New-Project-2-300x300.png 300w, https:\/\/isdi-ks.com\/wp-content\/uploads\/2024\/01\/New-Project-2-180x180.png 180w\" sizes=\"(max-width: 400px) 100vw, 400px\" \/>\t\t\t\t\t\t\t\t\t\t\t\t\t\t\t<\/div>\n\t\t\t\t<\/div>\n\t\t\t\t<\/div>\n\t\t<div class=\"elementor-element elementor-element-6b9f5cda e-con-full e-flex e-con e-child\" data-id=\"6b9f5cda\" data-element_type=\"container\">\n\t\t\t\t<div class=\"elementor-element elementor-element-30bf8515 elementor-widget elementor-widget-image\" data-id=\"30bf8515\" data-element_type=\"widget\" data-widget_type=\"image.default\">\n\t\t\t\t<div class=\"elementor-widget-container\">\n\t\t\t\t\t\t\t\t\t\t\t\t<figure class=\"wp-caption\">\n\t\t\t\t\t\t\t\t\t\t<img decoding=\"async\" width=\"400\" height=\"400\" src=\"https:\/\/isdi-ks.com\/wp-content\/uploads\/2024\/01\/New-Project-1.png\" class=\"attachment-large size-large wp-image-1013\" alt=\"\" srcset=\"https:\/\/isdi-ks.com\/wp-content\/uploads\/2024\/01\/New-Project-1.png 400w, https:\/\/isdi-ks.com\/wp-content\/uploads\/2024\/01\/New-Project-1-175x175.png 175w, https:\/\/isdi-ks.com\/wp-content\/uploads\/2024\/01\/New-Project-1-300x300.png 300w, https:\/\/isdi-ks.com\/wp-content\/uploads\/2024\/01\/New-Project-1-180x180.png 180w\" sizes=\"(max-width: 400px) 100vw, 400px\" \/>\t\t\t\t\t\t\t\t\t\t\t<figcaption class=\"widget-image-caption wp-caption-text\"><\/figcaption>\n\t\t\t\t\t\t\t\t\t\t<\/figure>\n\t\t\t\t\t\t\t\t\t<\/div>\n\t\t\t\t<\/div>\n\t\t\t\t<\/div>\n\t\t<div class=\"elementor-element elementor-element-17737553 e-con-full e-flex e-con e-child\" data-id=\"17737553\" data-element_type=\"container\">\n\t\t\t\t<div class=\"elementor-element elementor-element-1758c575 elementor-widget elementor-widget-image\" data-id=\"1758c575\" data-element_type=\"widget\" data-widget_type=\"image.default\">\n\t\t\t\t<div class=\"elementor-widget-container\">\n\t\t\t\t\t\t\t\t\t\t\t\t\t\t\t<img loading=\"lazy\" decoding=\"async\" width=\"377\" height=\"377\" src=\"https:\/\/isdi-ks.com\/wp-content\/uploads\/2024\/01\/4.jpg\" class=\"attachment-large size-large wp-image-888\" alt=\"\" srcset=\"https:\/\/isdi-ks.com\/wp-content\/uploads\/2024\/01\/4.jpg 377w, https:\/\/isdi-ks.com\/wp-content\/uploads\/2024\/01\/4-175x175.jpg 175w, https:\/\/isdi-ks.com\/wp-content\/uploads\/2024\/01\/4-300x300.jpg 300w, https:\/\/isdi-ks.com\/wp-content\/uploads\/2024\/01\/4-180x180.jpg 180w\" sizes=\"(max-width: 377px) 100vw, 377px\" \/>\t\t\t\t\t\t\t\t\t\t\t\t\t\t\t<\/div>\n\t\t\t\t<\/div>\n\t\t\t\t<\/div>\n\t\t<div class=\"elementor-element elementor-element-41d37ffa e-con-full e-flex e-con e-child\" data-id=\"41d37ffa\" data-element_type=\"container\">\n\t\t\t\t<\/div>\n\t\t<div class=\"elementor-element elementor-element-216f49d1 e-con-full e-flex e-con e-child\" data-id=\"216f49d1\" data-element_type=\"container\">\n\t\t\t\t<\/div>\n\t\t\t\t\t<\/div>\n\t\t\t\t<\/div>\n\t\t\t\t<section class=\"elementor-section elementor-top-section elementor-element elementor-element-2d7ba05 elementor-section-full_width elementor-section-height-default elementor-section-height-default\" data-id=\"2d7ba05\" data-element_type=\"section\" data-settings=\"{&quot;background_background&quot;:&quot;classic&quot;}\">\n\t\t\t\t\t\t\t<div class=\"elementor-background-overlay\"><\/div>\n\t\t\t\t\t\t\t<div class=\"elementor-container elementor-column-gap-default\">\n\t\t\t\t\t<div class=\"elementor-column elementor-col-100 elementor-top-column elementor-element elementor-element-84bf657\" data-id=\"84bf657\" data-element_type=\"column\" data-settings=\"{&quot;background_background&quot;:&quot;classic&quot;}\">\n\t\t\t<div class=\"elementor-widget-wrap elementor-element-populated\">\n\t\t\t\t\t<div class=\"elementor-background-overlay\"><\/div>\n\t\t\t\t\t\t<div class=\"elementor-element elementor-element-f4bc62b elementor-widget elementor-widget-gva-heading-block\" data-id=\"f4bc62b\" data-element_type=\"widget\" data-widget_type=\"gva-heading-block.default\">\n\t\t\t\t<div class=\"elementor-widget-container\">\n\t\t\t\t\t<div class=\"gva-element-gva-heading-block gva-element\">   <div class=\"align-center style-1 widget gsc-heading box-align-left auto-responsive\">\r\n      <div class=\"content-inner\">\r\n         \r\n                  \r\n           \r\n         \r\n                     <h2 class=\"title\">\r\n               <span>JEMI T\u00cb HAPUR P\u00cbR BASHK\u00cbPUNIM<\/span>\r\n            <\/h2>\r\n                  \r\n                     <div class=\"title-desc\">Bashkpunoni me ne!<\/div>\r\n         \r\n                     <div class=\"heading-action\">\r\n               \t\t  <a href=\"https:\/\/isdi-ks.com\/index.php\/contact\/\" class=\"btn-cta btn-black \" target=\"_blank\">\r\n\t\t\t <span>Kontakti<\/span>\r\n\t\t  <\/a>\r\n\r\n\t\t              <\/div>\r\n         \r\n      <\/div>\r\n   <\/div>\r\n<\/div>\t\t\t\t<\/div>\n\t\t\t\t<\/div>\n\t\t\t\t\t<\/div>\n\t\t<\/div>\n\t\t\t\t\t<\/div>\n\t\t<\/section>\n\t\t\t\t<\/div>\n\t\t","protected":false},"excerpt":{"rendered":"<p>Instituti i Sociologjis\u00eb, K\u00ebrkimeve Demografike dhe Inovacionit Partneret ISDI vler\u00ebson partneritetet strategjike me organizatat k\u00ebrkimore, institucionet akademike, politik\u00ebb\u00ebr\u00ebsit dhe sektorin privat. Bashk\u00ebpunimet tona krijojn\u00eb mund\u00ebsi p\u00ebr shk\u00ebmbim njohurish dhe inovacione [&hellip;]<\/p>\n","protected":false},"author":1,"featured_media":0,"parent":0,"menu_order":0,"comment_status":"closed","ping_status":"closed","template":"","meta":{"footnotes":""},"class_list":["post-58","page","type-page","status-publish","hentry"],"yoast_head":"<!-- This site is optimized with the Yoast SEO plugin v24.3 - https:\/\/yoast.com\/wordpress\/plugins\/seo\/ -->\n<title>Our Partner - Isdi<\/title>\n<meta name=\"robots\" content=\"index, follow, max-snippet:-1, max-image-preview:large, max-video-preview:-1\" \/>\n<link rel=\"canonical\" href=\"https:\/\/isdi-ks.com\/index.php\/sq\/our-partner\/\" \/>\n<meta property=\"og:locale\" content=\"en_US\" \/>\n<meta property=\"og:type\" content=\"article\" \/>\n<meta property=\"og:title\" content=\"Our Partner - Isdi\" \/>\n<meta property=\"og:description\" content=\"Instituti i Sociologjis\u00eb, K\u00ebrkimeve Demografike dhe Inovacionit Partneret ISDI vler\u00ebson partneritetet strategjike me organizatat k\u00ebrkimore, institucionet akademike, politik\u00ebb\u00ebr\u00ebsit dhe sektorin privat. Bashk\u00ebpunimet tona krijojn\u00eb mund\u00ebsi p\u00ebr shk\u00ebmbim njohurish dhe inovacione [&hellip;]\" \/>\n<meta property=\"og:url\" content=\"https:\/\/isdi-ks.com\/index.php\/sq\/our-partner\/\" \/>\n<meta property=\"og:site_name\" content=\"Isdi\" \/>\n<meta property=\"article:modified_time\" content=\"2024-01-12T09:53:35+00:00\" \/>\n<meta property=\"og:image\" content=\"https:\/\/isdi-ks.com\/wp-content\/uploads\/2024\/01\/overlay_5b3a60dd7616157f43827f26c096a8d2.png\" \/>\n<meta name=\"twitter:card\" content=\"summary_large_image\" \/>\n<meta name=\"twitter:label1\" content=\"Est. reading time\" \/>\n\t<meta name=\"twitter:data1\" content=\"1 minute\" \/>\n<script type=\"application\/ld+json\" class=\"yoast-schema-graph\">{\"@context\":\"https:\/\/schema.org\",\"@graph\":[{\"@type\":\"WebPage\",\"@id\":\"https:\/\/isdi-ks.com\/index.php\/sq\/our-partner\/\",\"url\":\"https:\/\/isdi-ks.com\/index.php\/sq\/our-partner\/\",\"name\":\"Our Partner - Isdi\",\"isPartOf\":{\"@id\":\"https:\/\/isdi-ks.com\/#website\"},\"primaryImageOfPage\":{\"@id\":\"https:\/\/isdi-ks.com\/index.php\/sq\/our-partner\/#primaryimage\"},\"image\":{\"@id\":\"https:\/\/isdi-ks.com\/index.php\/sq\/our-partner\/#primaryimage\"},\"thumbnailUrl\":\"https:\/\/isdi-ks.com\/wp-content\/uploads\/2024\/01\/overlay_5b3a60dd7616157f43827f26c096a8d2.png\",\"datePublished\":\"2023-07-21T02:01:22+00:00\",\"dateModified\":\"2024-01-12T09:53:35+00:00\",\"breadcrumb\":{\"@id\":\"https:\/\/isdi-ks.com\/index.php\/sq\/our-partner\/#breadcrumb\"},\"inLanguage\":\"en-US\",\"potentialAction\":[{\"@type\":\"ReadAction\",\"target\":[\"https:\/\/isdi-ks.com\/index.php\/sq\/our-partner\/\"]}]},{\"@type\":\"ImageObject\",\"inLanguage\":\"en-US\",\"@id\":\"https:\/\/isdi-ks.com\/index.php\/sq\/our-partner\/#primaryimage\",\"url\":\"https:\/\/isdi-ks.com\/wp-content\/uploads\/2024\/01\/overlay_5b3a60dd7616157f43827f26c096a8d2.png\",\"contentUrl\":\"https:\/\/isdi-ks.com\/wp-content\/uploads\/2024\/01\/overlay_5b3a60dd7616157f43827f26c096a8d2.png\",\"width\":900,\"height\":900},{\"@type\":\"BreadcrumbList\",\"@id\":\"https:\/\/isdi-ks.com\/index.php\/sq\/our-partner\/#breadcrumb\",\"itemListElement\":[{\"@type\":\"ListItem\",\"position\":1,\"name\":\"Home\",\"item\":\"https:\/\/isdi-ks.com\/index.php\/sq\/home-4\/\"},{\"@type\":\"ListItem\",\"position\":2,\"name\":\"Our Partner\"}]},{\"@type\":\"WebSite\",\"@id\":\"https:\/\/isdi-ks.com\/#website\",\"url\":\"https:\/\/isdi-ks.com\/\",\"name\":\"Instituti ISDI\",\"description\":\"Instituti ISDI\",\"publisher\":{\"@id\":\"https:\/\/isdi-ks.com\/#organization\"},\"potentialAction\":[{\"@type\":\"SearchAction\",\"target\":{\"@type\":\"EntryPoint\",\"urlTemplate\":\"https:\/\/isdi-ks.com\/?s={search_term_string}\"},\"query-input\":{\"@type\":\"PropertyValueSpecification\",\"valueRequired\":true,\"valueName\":\"search_term_string\"}}],\"inLanguage\":\"en-US\"},{\"@type\":\"Organization\",\"@id\":\"https:\/\/isdi-ks.com\/#organization\",\"name\":\"Instituti ISDI\",\"url\":\"https:\/\/isdi-ks.com\/\",\"logo\":{\"@type\":\"ImageObject\",\"inLanguage\":\"en-US\",\"@id\":\"https:\/\/isdi-ks.com\/#\/schema\/logo\/image\/\",\"url\":\"https:\/\/isdi-ks.com\/wp-content\/uploads\/2024\/01\/image_6487327-2.png\",\"contentUrl\":\"https:\/\/isdi-ks.com\/wp-content\/uploads\/2024\/01\/image_6487327-2.png\",\"width\":733,\"height\":470,\"caption\":\"Instituti ISDI\"},\"image\":{\"@id\":\"https:\/\/isdi-ks.com\/#\/schema\/logo\/image\/\"}}]}<\/script>\n<!-- \/ Yoast SEO plugin. -->","yoast_head_json":{"title":"Our Partner - Isdi","robots":{"index":"index","follow":"follow","max-snippet":"max-snippet:-1","max-image-preview":"max-image-preview:large","max-video-preview":"max-video-preview:-1"},"canonical":"https:\/\/isdi-ks.com\/index.php\/sq\/our-partner\/","og_locale":"en_US","og_type":"article","og_title":"Our Partner - Isdi","og_description":"Instituti i Sociologjis\u00eb, K\u00ebrkimeve Demografike dhe Inovacionit Partneret ISDI vler\u00ebson partneritetet strategjike me organizatat k\u00ebrkimore, institucionet akademike, politik\u00ebb\u00ebr\u00ebsit dhe sektorin privat. Bashk\u00ebpunimet tona krijojn\u00eb mund\u00ebsi p\u00ebr shk\u00ebmbim njohurish dhe inovacione [&hellip;]","og_url":"https:\/\/isdi-ks.com\/index.php\/sq\/our-partner\/","og_site_name":"Isdi","article_modified_time":"2024-01-12T09:53:35+00:00","og_image":[{"url":"https:\/\/isdi-ks.com\/wp-content\/uploads\/2024\/01\/overlay_5b3a60dd7616157f43827f26c096a8d2.png","type":"","width":"","height":""}],"twitter_card":"summary_large_image","twitter_misc":{"Est. reading time":"1 minute"},"schema":{"@context":"https:\/\/schema.org","@graph":[{"@type":"WebPage","@id":"https:\/\/isdi-ks.com\/index.php\/sq\/our-partner\/","url":"https:\/\/isdi-ks.com\/index.php\/sq\/our-partner\/","name":"Our Partner - Isdi","isPartOf":{"@id":"https:\/\/isdi-ks.com\/#website"},"primaryImageOfPage":{"@id":"https:\/\/isdi-ks.com\/index.php\/sq\/our-partner\/#primaryimage"},"image":{"@id":"https:\/\/isdi-ks.com\/index.php\/sq\/our-partner\/#primaryimage"},"thumbnailUrl":"https:\/\/isdi-ks.com\/wp-content\/uploads\/2024\/01\/overlay_5b3a60dd7616157f43827f26c096a8d2.png","datePublished":"2023-07-21T02:01:22+00:00","dateModified":"2024-01-12T09:53:35+00:00","breadcrumb":{"@id":"https:\/\/isdi-ks.com\/index.php\/sq\/our-partner\/#breadcrumb"},"inLanguage":"en-US","potentialAction":[{"@type":"ReadAction","target":["https:\/\/isdi-ks.com\/index.php\/sq\/our-partner\/"]}]},{"@type":"ImageObject","inLanguage":"en-US","@id":"https:\/\/isdi-ks.com\/index.php\/sq\/our-partner\/#primaryimage","url":"https:\/\/isdi-ks.com\/wp-content\/uploads\/2024\/01\/overlay_5b3a60dd7616157f43827f26c096a8d2.png","contentUrl":"https:\/\/isdi-ks.com\/wp-content\/uploads\/2024\/01\/overlay_5b3a60dd7616157f43827f26c096a8d2.png","width":900,"height":900},{"@type":"BreadcrumbList","@id":"https:\/\/isdi-ks.com\/index.php\/sq\/our-partner\/#breadcrumb","itemListElement":[{"@type":"ListItem","position":1,"name":"Home","item":"https:\/\/isdi-ks.com\/index.php\/sq\/home-4\/"},{"@type":"ListItem","position":2,"name":"Our Partner"}]},{"@type":"WebSite","@id":"https:\/\/isdi-ks.com\/#website","url":"https:\/\/isdi-ks.com\/","name":"Instituti ISDI","description":"Instituti ISDI","publisher":{"@id":"https:\/\/isdi-ks.com\/#organization"},"potentialAction":[{"@type":"SearchAction","target":{"@type":"EntryPoint","urlTemplate":"https:\/\/isdi-ks.com\/?s={search_term_string}"},"query-input":{"@type":"PropertyValueSpecification","valueRequired":true,"valueName":"search_term_string"}}],"inLanguage":"en-US"},{"@type":"Organization","@id":"https:\/\/isdi-ks.com\/#organization","name":"Instituti ISDI","url":"https:\/\/isdi-ks.com\/","logo":{"@type":"ImageObject","inLanguage":"en-US","@id":"https:\/\/isdi-ks.com\/#\/schema\/logo\/image\/","url":"https:\/\/isdi-ks.com\/wp-content\/uploads\/2024\/01\/image_6487327-2.png","contentUrl":"https:\/\/isdi-ks.com\/wp-content\/uploads\/2024\/01\/image_6487327-2.png","width":733,"height":470,"caption":"Instituti ISDI"},"image":{"@id":"https:\/\/isdi-ks.com\/#\/schema\/logo\/image\/"}}]}},"_links":{"self":[{"href":"https:\/\/isdi-ks.com\/index.php\/wp-json\/wp\/v2\/pages\/58","targetHints":{"allow":["GET"]}}],"collection":[{"href":"https:\/\/isdi-ks.com\/index.php\/wp-json\/wp\/v2\/pages"}],"about":[{"href":"https:\/\/isdi-ks.com\/index.php\/wp-json\/wp\/v2\/types\/page"}],"author":[{"embeddable":true,"href":"https:\/\/isdi-ks.com\/index.php\/wp-json\/wp\/v2\/users\/1"}],"replies":[{"embeddable":true,"href":"https:\/\/isdi-ks.com\/index.php\/wp-json\/wp\/v2\/comments?post=58"}],"version-history":[{"count":15,"href":"https:\/\/isdi-ks.com\/index.php\/wp-json\/wp\/v2\/pages\/58\/revisions"}],"predecessor-version":[{"id":1957,"href":"https:\/\/isdi-ks.com\/index.php\/wp-json\/wp\/v2\/pages\/58\/revisions\/1957"}],"wp:attachment":[{"href":"https:\/\/isdi-ks.com\/index.php\/wp-json\/wp\/v2\/media?parent=58"}],"curies":[{"name":"wp","href":"https:\/\/api.w.org\/{rel}","templated":true}]}}