{"id":1796,"date":"2024-01-09T09:11:11","date_gmt":"2024-01-09T09:11:11","guid":{"rendered":"https:\/\/isdi-ks.com\/?page_id=1796"},"modified":"2024-01-09T22:02:48","modified_gmt":"2024-01-09T22:02:48","slug":"qellimet-dhe-objektivat-kryesore-e-institutit","status":"publish","type":"page","link":"https:\/\/isdi-ks.com\/index.php\/sq\/qellimet-dhe-objektivat-kryesore-e-institutit\/","title":{"rendered":"Q\u00ebllimet dhe objektivat (kryesore) e Institutit"},"content":{"rendered":"\t\t<div data-elementor-type=\"wp-page\" data-elementor-id=\"1796\" class=\"elementor elementor-1796\" data-elementor-post-type=\"page\">\n\t\t\t\t<div class=\"elementor-element elementor-element-0c8bd27 e-flex e-con-boxed e-con e-parent\" data-id=\"0c8bd27\" data-element_type=\"container\">\n\t\t\t\t\t<div class=\"e-con-inner\">\n\t\t<div class=\"elementor-element elementor-element-4923ea0 e-con-full e-flex e-con e-child\" data-id=\"4923ea0\" data-element_type=\"container\">\n\t\t\t\t<div class=\"elementor-element elementor-element-ba04d21 elementor-widget elementor-widget-image\" data-id=\"ba04d21\" data-element_type=\"widget\" data-widget_type=\"image.default\">\n\t\t\t\t<div class=\"elementor-widget-container\">\n\t\t\t\t\t\t\t\t\t\t\t\t\t\t\t<img fetchpriority=\"high\" decoding=\"async\" width=\"900\" height=\"810\" src=\"https:\/\/isdi-ks.com\/wp-content\/uploads\/2024\/01\/graph-growth-development-improvement-profit-success-concept-1024x922.jpg\" class=\"attachment-large size-large wp-image-1798\" alt=\"\" srcset=\"https:\/\/isdi-ks.com\/wp-content\/uploads\/2024\/01\/graph-growth-development-improvement-profit-success-concept-1024x922.jpg 1024w, https:\/\/isdi-ks.com\/wp-content\/uploads\/2024\/01\/graph-growth-development-improvement-profit-success-concept-600x540.jpg 600w, https:\/\/isdi-ks.com\/wp-content\/uploads\/2024\/01\/graph-growth-development-improvement-profit-success-concept-768x691.jpg 768w\" sizes=\"(max-width: 900px) 100vw, 900px\" \/>\t\t\t\t\t\t\t\t\t\t\t\t\t\t\t<\/div>\n\t\t\t\t<\/div>\n\t\t\t\t<\/div>\n\t\t<div class=\"elementor-element elementor-element-f469776 e-con-full e-flex e-con e-child\" data-id=\"f469776\" data-element_type=\"container\">\n\t\t\t\t<div class=\"elementor-element elementor-element-378c0bf elementor-widget elementor-widget-heading\" data-id=\"378c0bf\" data-element_type=\"widget\" data-widget_type=\"heading.default\">\n\t\t\t\t<div class=\"elementor-widget-container\">\n\t\t\t\t\t<h2 class=\"elementor-heading-title elementor-size-default\">Q\u00ebllimet dhe objektivat (kryesore) e Institutit <\/h2>\t\t\t\t<\/div>\n\t\t\t\t<\/div>\n\t\t\t\t<div class=\"elementor-element elementor-element-d63ba7c elementor-widget elementor-widget-text-editor\" data-id=\"d63ba7c\" data-element_type=\"widget\" data-widget_type=\"text-editor.default\">\n\t\t\t\t<div class=\"elementor-widget-container\">\n\t\t\t\t\t\t\t\t\t<p><strong><em>ISDI synon t\u00eb:<\/em><\/strong><\/p><ul><li>ofroj\u00eb sh\u00ebrbime k\u00ebrkimore, k\u00ebshilluese dhe ekspertiz\u00eb;<\/li><li>hartoj\u00eb plane dhe strategji zhvillimore n\u00eb interes t\u00eb institucioneve politik\u00ebb\u00ebrese, zhvillimit t\u00eb vendit dhe komunitetit n\u00eb p\u00ebrgjith\u00ebsi;<\/li><li>t\u00eb adresoj sfidat, analizoj trended demografike (l\u00ebvizjet natyrore dhe migracionin) dhe b\u00ebj\u00eb parashikimet e popullsis\u00eb;<\/li><li>t\u00eb humumtoj shkaqet q\u00eb qojn\u00eb n\u00eb problem, ndryshime sociale dhe sjellje;<\/li><li>kontribuoj n\u00eb n\u00eb veprimtarit\u00eb arsimore dhe teknologjike;<\/li><li>t\u00eb rris bashk\u00ebpunimin nd\u00ebrkomb\u00ebtar;<\/li><li>p\u00ebrfshihet n\u00eb programe trajnimi\/rikualifikimi;<\/li><li>nxitet nga \u00e7\u00ebshtjet shoq\u00ebrore, kurioziteti shkencor dhe k\u00ebrkesa p\u00ebr njohuri \u00ebsht\u00eb nd\u00ebrdisiplinore dhe nd\u00ebrkomb\u00ebtare;<\/li><li>integron studimet baz\u00eb dhe ato t\u00eb aplikuara;<\/li><\/ul>\t\t\t\t\t\t\t\t<\/div>\n\t\t\t\t<\/div>\n\t\t\t\t<\/div>\n\t\t\t\t\t<\/div>\n\t\t\t\t<\/div>\n\t\t\t\t<\/div>\n\t\t","protected":false},"excerpt":{"rendered":"<p>Q\u00ebllimet dhe objektivat (kryesore) e Institutit ISDI synon t\u00eb: ofroj\u00eb sh\u00ebrbime k\u00ebrkimore, k\u00ebshilluese dhe ekspertiz\u00eb; hartoj\u00eb plane dhe strategji zhvillimore n\u00eb interes t\u00eb institucioneve politik\u00ebb\u00ebrese, zhvillimit t\u00eb vendit dhe komunitetit [&hellip;]<\/p>\n","protected":false},"author":1,"featured_media":0,"parent":0,"menu_order":0,"comment_status":"closed","ping_status":"closed","template":"","meta":{"footnotes":""},"class_list":["post-1796","page","type-page","status-publish","hentry"],"yoast_head":"<!-- This site is optimized with the Yoast SEO plugin v24.3 - https:\/\/yoast.com\/wordpress\/plugins\/seo\/ -->\n<title>Q\u00ebllimet dhe objektivat (kryesore) e Institutit - Isdi<\/title>\n<meta name=\"robots\" content=\"index, follow, max-snippet:-1, max-image-preview:large, max-video-preview:-1\" \/>\n<link rel=\"canonical\" href=\"https:\/\/isdi-ks.com\/index.php\/sq\/qellimet-dhe-objektivat-kryesore-e-institutit\/\" \/>\n<meta property=\"og:locale\" content=\"en_US\" \/>\n<meta property=\"og:type\" content=\"article\" \/>\n<meta property=\"og:title\" content=\"Q\u00ebllimet dhe objektivat (kryesore) e Institutit - Isdi\" \/>\n<meta property=\"og:description\" content=\"Q\u00ebllimet dhe objektivat (kryesore) e Institutit ISDI synon t\u00eb: ofroj\u00eb sh\u00ebrbime k\u00ebrkimore, k\u00ebshilluese dhe ekspertiz\u00eb; hartoj\u00eb plane dhe strategji zhvillimore n\u00eb interes t\u00eb institucioneve politik\u00ebb\u00ebrese, zhvillimit t\u00eb vendit dhe komunitetit [&hellip;]\" \/>\n<meta property=\"og:url\" content=\"https:\/\/isdi-ks.com\/index.php\/sq\/qellimet-dhe-objektivat-kryesore-e-institutit\/\" \/>\n<meta property=\"og:site_name\" content=\"Isdi\" \/>\n<meta property=\"article:modified_time\" content=\"2024-01-09T22:02:48+00:00\" \/>\n<meta property=\"og:image\" content=\"https:\/\/isdi-ks.com\/wp-content\/uploads\/2024\/01\/graph-growth-development-improvement-profit-success-concept-1024x922.jpg\" \/>\n<meta name=\"twitter:card\" content=\"summary_large_image\" \/>\n<meta name=\"twitter:label1\" content=\"Est. reading time\" \/>\n\t<meta name=\"twitter:data1\" content=\"1 minute\" \/>\n<script type=\"application\/ld+json\" class=\"yoast-schema-graph\">{\"@context\":\"https:\/\/schema.org\",\"@graph\":[{\"@type\":\"WebPage\",\"@id\":\"https:\/\/isdi-ks.com\/index.php\/sq\/qellimet-dhe-objektivat-kryesore-e-institutit\/\",\"url\":\"https:\/\/isdi-ks.com\/index.php\/sq\/qellimet-dhe-objektivat-kryesore-e-institutit\/\",\"name\":\"Q\u00ebllimet dhe objektivat (kryesore) e Institutit - Isdi\",\"isPartOf\":{\"@id\":\"https:\/\/isdi-ks.com\/#website\"},\"primaryImageOfPage\":{\"@id\":\"https:\/\/isdi-ks.com\/index.php\/sq\/qellimet-dhe-objektivat-kryesore-e-institutit\/#primaryimage\"},\"image\":{\"@id\":\"https:\/\/isdi-ks.com\/index.php\/sq\/qellimet-dhe-objektivat-kryesore-e-institutit\/#primaryimage\"},\"thumbnailUrl\":\"https:\/\/isdi-ks.com\/wp-content\/uploads\/2024\/01\/graph-growth-development-improvement-profit-success-concept-1024x922.jpg\",\"datePublished\":\"2024-01-09T09:11:11+00:00\",\"dateModified\":\"2024-01-09T22:02:48+00:00\",\"breadcrumb\":{\"@id\":\"https:\/\/isdi-ks.com\/index.php\/sq\/qellimet-dhe-objektivat-kryesore-e-institutit\/#breadcrumb\"},\"inLanguage\":\"en-US\",\"potentialAction\":[{\"@type\":\"ReadAction\",\"target\":[\"https:\/\/isdi-ks.com\/index.php\/sq\/qellimet-dhe-objektivat-kryesore-e-institutit\/\"]}]},{\"@type\":\"ImageObject\",\"inLanguage\":\"en-US\",\"@id\":\"https:\/\/isdi-ks.com\/index.php\/sq\/qellimet-dhe-objektivat-kryesore-e-institutit\/#primaryimage\",\"url\":\"https:\/\/isdi-ks.com\/wp-content\/uploads\/2024\/01\/graph-growth-development-improvement-profit-success-concept-scaled.jpg\",\"contentUrl\":\"https:\/\/isdi-ks.com\/wp-content\/uploads\/2024\/01\/graph-growth-development-improvement-profit-success-concept-scaled.jpg\",\"width\":2560,\"height\":2304,\"caption\":\"Graph Growth Development Improvement Profit Success Concept\"},{\"@type\":\"BreadcrumbList\",\"@id\":\"https:\/\/isdi-ks.com\/index.php\/sq\/qellimet-dhe-objektivat-kryesore-e-institutit\/#breadcrumb\",\"itemListElement\":[{\"@type\":\"ListItem\",\"position\":1,\"name\":\"Home\",\"item\":\"https:\/\/isdi-ks.com\/index.php\/sq\/home-4\/\"},{\"@type\":\"ListItem\",\"position\":2,\"name\":\"Q\u00ebllimet dhe objektivat (kryesore) e Institutit\"}]},{\"@type\":\"WebSite\",\"@id\":\"https:\/\/isdi-ks.com\/#website\",\"url\":\"https:\/\/isdi-ks.com\/\",\"name\":\"Instituti ISDI\",\"description\":\"Instituti ISDI\",\"publisher\":{\"@id\":\"https:\/\/isdi-ks.com\/#organization\"},\"potentialAction\":[{\"@type\":\"SearchAction\",\"target\":{\"@type\":\"EntryPoint\",\"urlTemplate\":\"https:\/\/isdi-ks.com\/?s={search_term_string}\"},\"query-input\":{\"@type\":\"PropertyValueSpecification\",\"valueRequired\":true,\"valueName\":\"search_term_string\"}}],\"inLanguage\":\"en-US\"},{\"@type\":\"Organization\",\"@id\":\"https:\/\/isdi-ks.com\/#organization\",\"name\":\"Instituti ISDI\",\"url\":\"https:\/\/isdi-ks.com\/\",\"logo\":{\"@type\":\"ImageObject\",\"inLanguage\":\"en-US\",\"@id\":\"https:\/\/isdi-ks.com\/#\/schema\/logo\/image\/\",\"url\":\"https:\/\/isdi-ks.com\/wp-content\/uploads\/2024\/01\/image_6487327-2.png\",\"contentUrl\":\"https:\/\/isdi-ks.com\/wp-content\/uploads\/2024\/01\/image_6487327-2.png\",\"width\":733,\"height\":470,\"caption\":\"Instituti ISDI\"},\"image\":{\"@id\":\"https:\/\/isdi-ks.com\/#\/schema\/logo\/image\/\"}}]}<\/script>\n<!-- \/ Yoast SEO plugin. -->","yoast_head_json":{"title":"Q\u00ebllimet dhe objektivat (kryesore) e Institutit - Isdi","robots":{"index":"index","follow":"follow","max-snippet":"max-snippet:-1","max-image-preview":"max-image-preview:large","max-video-preview":"max-video-preview:-1"},"canonical":"https:\/\/isdi-ks.com\/index.php\/sq\/qellimet-dhe-objektivat-kryesore-e-institutit\/","og_locale":"en_US","og_type":"article","og_title":"Q\u00ebllimet dhe objektivat (kryesore) e Institutit - Isdi","og_description":"Q\u00ebllimet dhe objektivat (kryesore) e Institutit ISDI synon t\u00eb: ofroj\u00eb sh\u00ebrbime k\u00ebrkimore, k\u00ebshilluese dhe ekspertiz\u00eb; hartoj\u00eb plane dhe strategji zhvillimore n\u00eb interes t\u00eb institucioneve politik\u00ebb\u00ebrese, zhvillimit t\u00eb vendit dhe komunitetit [&hellip;]","og_url":"https:\/\/isdi-ks.com\/index.php\/sq\/qellimet-dhe-objektivat-kryesore-e-institutit\/","og_site_name":"Isdi","article_modified_time":"2024-01-09T22:02:48+00:00","og_image":[{"url":"https:\/\/isdi-ks.com\/wp-content\/uploads\/2024\/01\/graph-growth-development-improvement-profit-success-concept-1024x922.jpg","type":"","width":"","height":""}],"twitter_card":"summary_large_image","twitter_misc":{"Est. reading time":"1 minute"},"schema":{"@context":"https:\/\/schema.org","@graph":[{"@type":"WebPage","@id":"https:\/\/isdi-ks.com\/index.php\/sq\/qellimet-dhe-objektivat-kryesore-e-institutit\/","url":"https:\/\/isdi-ks.com\/index.php\/sq\/qellimet-dhe-objektivat-kryesore-e-institutit\/","name":"Q\u00ebllimet dhe objektivat (kryesore) e Institutit - Isdi","isPartOf":{"@id":"https:\/\/isdi-ks.com\/#website"},"primaryImageOfPage":{"@id":"https:\/\/isdi-ks.com\/index.php\/sq\/qellimet-dhe-objektivat-kryesore-e-institutit\/#primaryimage"},"image":{"@id":"https:\/\/isdi-ks.com\/index.php\/sq\/qellimet-dhe-objektivat-kryesore-e-institutit\/#primaryimage"},"thumbnailUrl":"https:\/\/isdi-ks.com\/wp-content\/uploads\/2024\/01\/graph-growth-development-improvement-profit-success-concept-1024x922.jpg","datePublished":"2024-01-09T09:11:11+00:00","dateModified":"2024-01-09T22:02:48+00:00","breadcrumb":{"@id":"https:\/\/isdi-ks.com\/index.php\/sq\/qellimet-dhe-objektivat-kryesore-e-institutit\/#breadcrumb"},"inLanguage":"en-US","potentialAction":[{"@type":"ReadAction","target":["https:\/\/isdi-ks.com\/index.php\/sq\/qellimet-dhe-objektivat-kryesore-e-institutit\/"]}]},{"@type":"ImageObject","inLanguage":"en-US","@id":"https:\/\/isdi-ks.com\/index.php\/sq\/qellimet-dhe-objektivat-kryesore-e-institutit\/#primaryimage","url":"https:\/\/isdi-ks.com\/wp-content\/uploads\/2024\/01\/graph-growth-development-improvement-profit-success-concept-scaled.jpg","contentUrl":"https:\/\/isdi-ks.com\/wp-content\/uploads\/2024\/01\/graph-growth-development-improvement-profit-success-concept-scaled.jpg","width":2560,"height":2304,"caption":"Graph Growth Development Improvement Profit Success Concept"},{"@type":"BreadcrumbList","@id":"https:\/\/isdi-ks.com\/index.php\/sq\/qellimet-dhe-objektivat-kryesore-e-institutit\/#breadcrumb","itemListElement":[{"@type":"ListItem","position":1,"name":"Home","item":"https:\/\/isdi-ks.com\/index.php\/sq\/home-4\/"},{"@type":"ListItem","position":2,"name":"Q\u00ebllimet dhe objektivat (kryesore) e Institutit"}]},{"@type":"WebSite","@id":"https:\/\/isdi-ks.com\/#website","url":"https:\/\/isdi-ks.com\/","name":"Instituti ISDI","description":"Instituti ISDI","publisher":{"@id":"https:\/\/isdi-ks.com\/#organization"},"potentialAction":[{"@type":"SearchAction","target":{"@type":"EntryPoint","urlTemplate":"https:\/\/isdi-ks.com\/?s={search_term_string}"},"query-input":{"@type":"PropertyValueSpecification","valueRequired":true,"valueName":"search_term_string"}}],"inLanguage":"en-US"},{"@type":"Organization","@id":"https:\/\/isdi-ks.com\/#organization","name":"Instituti ISDI","url":"https:\/\/isdi-ks.com\/","logo":{"@type":"ImageObject","inLanguage":"en-US","@id":"https:\/\/isdi-ks.com\/#\/schema\/logo\/image\/","url":"https:\/\/isdi-ks.com\/wp-content\/uploads\/2024\/01\/image_6487327-2.png","contentUrl":"https:\/\/isdi-ks.com\/wp-content\/uploads\/2024\/01\/image_6487327-2.png","width":733,"height":470,"caption":"Instituti ISDI"},"image":{"@id":"https:\/\/isdi-ks.com\/#\/schema\/logo\/image\/"}}]}},"_links":{"self":[{"href":"https:\/\/isdi-ks.com\/index.php\/wp-json\/wp\/v2\/pages\/1796","targetHints":{"allow":["GET"]}}],"collection":[{"href":"https:\/\/isdi-ks.com\/index.php\/wp-json\/wp\/v2\/pages"}],"about":[{"href":"https:\/\/isdi-ks.com\/index.php\/wp-json\/wp\/v2\/types\/page"}],"author":[{"embeddable":true,"href":"https:\/\/isdi-ks.com\/index.php\/wp-json\/wp\/v2\/users\/1"}],"replies":[{"embeddable":true,"href":"https:\/\/isdi-ks.com\/index.php\/wp-json\/wp\/v2\/comments?post=1796"}],"version-history":[{"count":4,"href":"https:\/\/isdi-ks.com\/index.php\/wp-json\/wp\/v2\/pages\/1796\/revisions"}],"predecessor-version":[{"id":1802,"href":"https:\/\/isdi-ks.com\/index.php\/wp-json\/wp\/v2\/pages\/1796\/revisions\/1802"}],"wp:attachment":[{"href":"https:\/\/isdi-ks.com\/index.php\/wp-json\/wp\/v2\/media?parent=1796"}],"curies":[{"name":"wp","href":"https:\/\/api.w.org\/{rel}","templated":true}]}}