{"id":1785,"date":"2024-01-09T09:06:20","date_gmt":"2024-01-09T09:06:20","guid":{"rendered":"https:\/\/isdi-ks.com\/?page_id=1785"},"modified":"2024-01-09T21:38:03","modified_gmt":"2024-01-09T21:38:03","slug":"aktiviteteve-kryesore-te-institutit","status":"publish","type":"page","link":"https:\/\/isdi-ks.com\/index.php\/sq\/aktiviteteve-kryesore-te-institutit\/","title":{"rendered":"Aktiviteteve (kryesore) t\u00eb Institutit"},"content":{"rendered":"\t\t<div data-elementor-type=\"wp-page\" data-elementor-id=\"1785\" class=\"elementor elementor-1785\" data-elementor-post-type=\"page\">\n\t\t\t\t<div class=\"elementor-element elementor-element-3816c95 e-flex e-con-boxed e-con e-parent\" data-id=\"3816c95\" data-element_type=\"container\">\n\t\t\t\t\t<div class=\"e-con-inner\">\n\t\t<div class=\"elementor-element elementor-element-6dc7a2e e-con-full e-flex e-con e-child\" data-id=\"6dc7a2e\" data-element_type=\"container\">\n\t\t\t\t<div class=\"elementor-element elementor-element-4c0448d elementor-widget elementor-widget-image\" data-id=\"4c0448d\" data-element_type=\"widget\" data-widget_type=\"image.default\">\n\t\t\t\t<div class=\"elementor-widget-container\">\n\t\t\t\t\t\t\t\t\t\t\t\t\t\t\t<img fetchpriority=\"high\" decoding=\"async\" width=\"900\" height=\"600\" src=\"https:\/\/isdi-ks.com\/wp-content\/uploads\/2024\/01\/crop-shot-people-studying-1024x683.jpg\" class=\"attachment-large size-large wp-image-1780\" alt=\"\" srcset=\"https:\/\/isdi-ks.com\/wp-content\/uploads\/2024\/01\/crop-shot-people-studying-1024x683.jpg 1024w, https:\/\/isdi-ks.com\/wp-content\/uploads\/2024\/01\/crop-shot-people-studying-768x512.jpg 768w, https:\/\/isdi-ks.com\/wp-content\/uploads\/2024\/01\/crop-shot-people-studying-600x400.jpg 600w\" sizes=\"(max-width: 900px) 100vw, 900px\" \/>\t\t\t\t\t\t\t\t\t\t\t\t\t\t\t<\/div>\n\t\t\t\t<\/div>\n\t\t\t\t<\/div>\n\t\t<div class=\"elementor-element elementor-element-fb21cf5 e-con-full e-flex e-con e-child\" data-id=\"fb21cf5\" data-element_type=\"container\">\n\t\t\t\t<div class=\"elementor-element elementor-element-011926e elementor-widget elementor-widget-heading\" data-id=\"011926e\" data-element_type=\"widget\" data-widget_type=\"heading.default\">\n\t\t\t\t<div class=\"elementor-widget-container\">\n\t\t\t\t\t<h2 class=\"elementor-heading-title elementor-size-default\">Aktiviteteve (kryesore) t\u00eb Institutit<\/h2>\t\t\t\t<\/div>\n\t\t\t\t<\/div>\n\t\t\t\t<div class=\"elementor-element elementor-element-3c2f76e elementor-widget elementor-widget-text-editor\" data-id=\"3c2f76e\" data-element_type=\"widget\" data-widget_type=\"text-editor.default\">\n\t\t\t\t<div class=\"elementor-widget-container\">\n\t\t\t\t\t\t\t\t\t<p>Bazuar n\u00eb objektivat e Institutit, aktivitetet e tij p\u00ebrfshijn\u00eb:<\/p><p>\u00a0<\/p><ul><li>studimi i politik\u00ebs socialdemografike dhe familjare;<\/li><li>eksplorimi i prirjeve kryesore p\u00ebr zhvillimet sociodemografike dhe i parashikimeve demografike;<\/li><li>eksplorimi i \u00e7\u00ebshtjeve sociale, ekonomike dhe demografike t\u00eb migrimit dhe zhvendosjes;<\/li><li>arsimi dhe problemet sociale t\u00eb lidhura me t\u00eb;<\/li><li>studimi i karakteristikave t\u00eb socializimit, identitetit social dhe vlerave social-kulturore;<\/li><li>eksplorimi i \u00e7\u00ebshtjeve t\u00eb zhvillimit social dhe kulturor;<\/li><li>pjes\u00ebmarrje n\u00eb formulimin e \u00e7\u00ebshtjeve metodologjike p\u00ebr vler\u00ebsimin e popullsis\u00eb;<\/li><li>p\u00ebrfshirja n\u00eb hartimin e akteve legjislative dhe normative p\u00ebr politikat demografike;<\/li><li>eksplorimi i \u00e7\u00ebshtjeve sociale dhe hap\u00ebsinore;<\/li><li>formulimin e masave t\u00eb duhura p\u00ebr ngritjen e nivelit t\u00eb edukimit demografik t\u00eb publikut dhe nxitjen e zbatimit t\u00eb tyre;<\/li><li>eksplorimi i \u00e7\u00ebshtjeve sociale dhe demografike t\u00eb sigurimit t\u00eb pun\u00ebsimit p\u00ebr popullat\u00ebn;<\/li><li>studimi i \u00e7\u00ebshtjeve t\u00eb transformimit social dhe t\u00eb familjes;<\/li><li>eksplorimi i problemeve sociologjike t\u00eb familjes;<\/li><li>analiza afatgjat\u00eb, dinamika sociale, demografike dhe t\u00eb popullsis\u00eb (fertiliteti, martesa, migrimi, vdekshm\u00ebria dhe shtresimi, l\u00ebvizshm\u00ebria sociale, mir\u00ebqenia sociale);<\/li><li>Strukturat familjare dhe proceset familjare (formimi i familjes, divorci, ripartnerimi dhe bashk\u00ebprind\u00ebrimi, dhe marr\u00ebdh\u00ebnie t\u00eb ngjashme me martes\u00ebn;<\/li><li>Rinia, pun\u00ebsimi, papun\u00ebsia dhe varf\u00ebria;<\/li><li>Organizimi i simpoziumeve, seminareve dhe konferencave shkencore;<\/li><li>Publikime t\u00eb fush\u00ebs dhe periodije (revista, libra etj);<\/li><li>Eksplorimi i sjelljeve devijuese n\u00eb shoq\u00ebri dhe k\u00ebshillimeve profesionale;<\/li><li>Planifikimi hap\u00ebsinor dhe zhvillimi i q\u00ebndruesh\u00ebm;<\/li><\/ul>\t\t\t\t\t\t\t\t<\/div>\n\t\t\t\t<\/div>\n\t\t\t\t<\/div>\n\t\t\t\t\t<\/div>\n\t\t\t\t<\/div>\n\t\t\t\t<\/div>\n\t\t","protected":false},"excerpt":{"rendered":"<p>Aktiviteteve (kryesore) t\u00eb Institutit Bazuar n\u00eb objektivat e Institutit, aktivitetet e tij p\u00ebrfshijn\u00eb: \u00a0 studimi i politik\u00ebs socialdemografike dhe familjare; eksplorimi i prirjeve kryesore p\u00ebr zhvillimet sociodemografike dhe i parashikimeve [&hellip;]<\/p>\n","protected":false},"author":1,"featured_media":0,"parent":0,"menu_order":0,"comment_status":"closed","ping_status":"closed","template":"","meta":{"footnotes":""},"class_list":["post-1785","page","type-page","status-publish","hentry"],"yoast_head":"<!-- This site is optimized with the Yoast SEO plugin v24.3 - https:\/\/yoast.com\/wordpress\/plugins\/seo\/ -->\n<title>Aktiviteteve (kryesore) t\u00eb Institutit - Isdi<\/title>\n<meta name=\"robots\" content=\"index, follow, max-snippet:-1, max-image-preview:large, max-video-preview:-1\" \/>\n<link rel=\"canonical\" href=\"https:\/\/isdi-ks.com\/index.php\/sq\/aktiviteteve-kryesore-te-institutit\/\" \/>\n<meta property=\"og:locale\" content=\"en_US\" \/>\n<meta property=\"og:type\" content=\"article\" \/>\n<meta property=\"og:title\" content=\"Aktiviteteve (kryesore) t\u00eb Institutit - Isdi\" \/>\n<meta property=\"og:description\" content=\"Aktiviteteve (kryesore) t\u00eb Institutit Bazuar n\u00eb objektivat e Institutit, aktivitetet e tij p\u00ebrfshijn\u00eb: \u00a0 studimi i politik\u00ebs socialdemografike dhe familjare; eksplorimi i prirjeve kryesore p\u00ebr zhvillimet sociodemografike dhe i parashikimeve [&hellip;]\" \/>\n<meta property=\"og:url\" content=\"https:\/\/isdi-ks.com\/index.php\/sq\/aktiviteteve-kryesore-te-institutit\/\" \/>\n<meta property=\"og:site_name\" content=\"Isdi\" \/>\n<meta property=\"article:modified_time\" content=\"2024-01-09T21:38:03+00:00\" \/>\n<meta property=\"og:image\" content=\"https:\/\/isdi-ks.com\/wp-content\/uploads\/2024\/01\/crop-shot-people-studying-1024x683.jpg\" \/>\n<meta name=\"twitter:card\" content=\"summary_large_image\" \/>\n<meta name=\"twitter:label1\" content=\"Est. reading time\" \/>\n\t<meta name=\"twitter:data1\" content=\"2 minutes\" \/>\n<script type=\"application\/ld+json\" class=\"yoast-schema-graph\">{\"@context\":\"https:\/\/schema.org\",\"@graph\":[{\"@type\":\"WebPage\",\"@id\":\"https:\/\/isdi-ks.com\/index.php\/sq\/aktiviteteve-kryesore-te-institutit\/\",\"url\":\"https:\/\/isdi-ks.com\/index.php\/sq\/aktiviteteve-kryesore-te-institutit\/\",\"name\":\"Aktiviteteve (kryesore) t\u00eb Institutit - Isdi\",\"isPartOf\":{\"@id\":\"https:\/\/isdi-ks.com\/#website\"},\"primaryImageOfPage\":{\"@id\":\"https:\/\/isdi-ks.com\/index.php\/sq\/aktiviteteve-kryesore-te-institutit\/#primaryimage\"},\"image\":{\"@id\":\"https:\/\/isdi-ks.com\/index.php\/sq\/aktiviteteve-kryesore-te-institutit\/#primaryimage\"},\"thumbnailUrl\":\"https:\/\/isdi-ks.com\/wp-content\/uploads\/2024\/01\/crop-shot-people-studying-1024x683.jpg\",\"datePublished\":\"2024-01-09T09:06:20+00:00\",\"dateModified\":\"2024-01-09T21:38:03+00:00\",\"breadcrumb\":{\"@id\":\"https:\/\/isdi-ks.com\/index.php\/sq\/aktiviteteve-kryesore-te-institutit\/#breadcrumb\"},\"inLanguage\":\"en-US\",\"potentialAction\":[{\"@type\":\"ReadAction\",\"target\":[\"https:\/\/isdi-ks.com\/index.php\/sq\/aktiviteteve-kryesore-te-institutit\/\"]}]},{\"@type\":\"ImageObject\",\"inLanguage\":\"en-US\",\"@id\":\"https:\/\/isdi-ks.com\/index.php\/sq\/aktiviteteve-kryesore-te-institutit\/#primaryimage\",\"url\":\"https:\/\/isdi-ks.com\/wp-content\/uploads\/2024\/01\/crop-shot-people-studying-scaled.jpg\",\"contentUrl\":\"https:\/\/isdi-ks.com\/wp-content\/uploads\/2024\/01\/crop-shot-people-studying-scaled.jpg\",\"width\":2560,\"height\":1707},{\"@type\":\"BreadcrumbList\",\"@id\":\"https:\/\/isdi-ks.com\/index.php\/sq\/aktiviteteve-kryesore-te-institutit\/#breadcrumb\",\"itemListElement\":[{\"@type\":\"ListItem\",\"position\":1,\"name\":\"Home\",\"item\":\"https:\/\/isdi-ks.com\/index.php\/sq\/home-4\/\"},{\"@type\":\"ListItem\",\"position\":2,\"name\":\"Aktiviteteve (kryesore) t\u00eb Institutit\"}]},{\"@type\":\"WebSite\",\"@id\":\"https:\/\/isdi-ks.com\/#website\",\"url\":\"https:\/\/isdi-ks.com\/\",\"name\":\"Instituti ISDI\",\"description\":\"Instituti ISDI\",\"publisher\":{\"@id\":\"https:\/\/isdi-ks.com\/#organization\"},\"potentialAction\":[{\"@type\":\"SearchAction\",\"target\":{\"@type\":\"EntryPoint\",\"urlTemplate\":\"https:\/\/isdi-ks.com\/?s={search_term_string}\"},\"query-input\":{\"@type\":\"PropertyValueSpecification\",\"valueRequired\":true,\"valueName\":\"search_term_string\"}}],\"inLanguage\":\"en-US\"},{\"@type\":\"Organization\",\"@id\":\"https:\/\/isdi-ks.com\/#organization\",\"name\":\"Instituti ISDI\",\"url\":\"https:\/\/isdi-ks.com\/\",\"logo\":{\"@type\":\"ImageObject\",\"inLanguage\":\"en-US\",\"@id\":\"https:\/\/isdi-ks.com\/#\/schema\/logo\/image\/\",\"url\":\"https:\/\/isdi-ks.com\/wp-content\/uploads\/2024\/01\/image_6487327-2.png\",\"contentUrl\":\"https:\/\/isdi-ks.com\/wp-content\/uploads\/2024\/01\/image_6487327-2.png\",\"width\":733,\"height\":470,\"caption\":\"Instituti ISDI\"},\"image\":{\"@id\":\"https:\/\/isdi-ks.com\/#\/schema\/logo\/image\/\"}}]}<\/script>\n<!-- \/ Yoast SEO plugin. -->","yoast_head_json":{"title":"Aktiviteteve (kryesore) t\u00eb Institutit - Isdi","robots":{"index":"index","follow":"follow","max-snippet":"max-snippet:-1","max-image-preview":"max-image-preview:large","max-video-preview":"max-video-preview:-1"},"canonical":"https:\/\/isdi-ks.com\/index.php\/sq\/aktiviteteve-kryesore-te-institutit\/","og_locale":"en_US","og_type":"article","og_title":"Aktiviteteve (kryesore) t\u00eb Institutit - Isdi","og_description":"Aktiviteteve (kryesore) t\u00eb Institutit Bazuar n\u00eb objektivat e Institutit, aktivitetet e tij p\u00ebrfshijn\u00eb: \u00a0 studimi i politik\u00ebs socialdemografike dhe familjare; eksplorimi i prirjeve kryesore p\u00ebr zhvillimet sociodemografike dhe i parashikimeve [&hellip;]","og_url":"https:\/\/isdi-ks.com\/index.php\/sq\/aktiviteteve-kryesore-te-institutit\/","og_site_name":"Isdi","article_modified_time":"2024-01-09T21:38:03+00:00","og_image":[{"url":"https:\/\/isdi-ks.com\/wp-content\/uploads\/2024\/01\/crop-shot-people-studying-1024x683.jpg","type":"","width":"","height":""}],"twitter_card":"summary_large_image","twitter_misc":{"Est. reading time":"2 minutes"},"schema":{"@context":"https:\/\/schema.org","@graph":[{"@type":"WebPage","@id":"https:\/\/isdi-ks.com\/index.php\/sq\/aktiviteteve-kryesore-te-institutit\/","url":"https:\/\/isdi-ks.com\/index.php\/sq\/aktiviteteve-kryesore-te-institutit\/","name":"Aktiviteteve (kryesore) t\u00eb Institutit - Isdi","isPartOf":{"@id":"https:\/\/isdi-ks.com\/#website"},"primaryImageOfPage":{"@id":"https:\/\/isdi-ks.com\/index.php\/sq\/aktiviteteve-kryesore-te-institutit\/#primaryimage"},"image":{"@id":"https:\/\/isdi-ks.com\/index.php\/sq\/aktiviteteve-kryesore-te-institutit\/#primaryimage"},"thumbnailUrl":"https:\/\/isdi-ks.com\/wp-content\/uploads\/2024\/01\/crop-shot-people-studying-1024x683.jpg","datePublished":"2024-01-09T09:06:20+00:00","dateModified":"2024-01-09T21:38:03+00:00","breadcrumb":{"@id":"https:\/\/isdi-ks.com\/index.php\/sq\/aktiviteteve-kryesore-te-institutit\/#breadcrumb"},"inLanguage":"en-US","potentialAction":[{"@type":"ReadAction","target":["https:\/\/isdi-ks.com\/index.php\/sq\/aktiviteteve-kryesore-te-institutit\/"]}]},{"@type":"ImageObject","inLanguage":"en-US","@id":"https:\/\/isdi-ks.com\/index.php\/sq\/aktiviteteve-kryesore-te-institutit\/#primaryimage","url":"https:\/\/isdi-ks.com\/wp-content\/uploads\/2024\/01\/crop-shot-people-studying-scaled.jpg","contentUrl":"https:\/\/isdi-ks.com\/wp-content\/uploads\/2024\/01\/crop-shot-people-studying-scaled.jpg","width":2560,"height":1707},{"@type":"BreadcrumbList","@id":"https:\/\/isdi-ks.com\/index.php\/sq\/aktiviteteve-kryesore-te-institutit\/#breadcrumb","itemListElement":[{"@type":"ListItem","position":1,"name":"Home","item":"https:\/\/isdi-ks.com\/index.php\/sq\/home-4\/"},{"@type":"ListItem","position":2,"name":"Aktiviteteve (kryesore) t\u00eb Institutit"}]},{"@type":"WebSite","@id":"https:\/\/isdi-ks.com\/#website","url":"https:\/\/isdi-ks.com\/","name":"Instituti ISDI","description":"Instituti ISDI","publisher":{"@id":"https:\/\/isdi-ks.com\/#organization"},"potentialAction":[{"@type":"SearchAction","target":{"@type":"EntryPoint","urlTemplate":"https:\/\/isdi-ks.com\/?s={search_term_string}"},"query-input":{"@type":"PropertyValueSpecification","valueRequired":true,"valueName":"search_term_string"}}],"inLanguage":"en-US"},{"@type":"Organization","@id":"https:\/\/isdi-ks.com\/#organization","name":"Instituti ISDI","url":"https:\/\/isdi-ks.com\/","logo":{"@type":"ImageObject","inLanguage":"en-US","@id":"https:\/\/isdi-ks.com\/#\/schema\/logo\/image\/","url":"https:\/\/isdi-ks.com\/wp-content\/uploads\/2024\/01\/image_6487327-2.png","contentUrl":"https:\/\/isdi-ks.com\/wp-content\/uploads\/2024\/01\/image_6487327-2.png","width":733,"height":470,"caption":"Instituti ISDI"},"image":{"@id":"https:\/\/isdi-ks.com\/#\/schema\/logo\/image\/"}}]}},"_links":{"self":[{"href":"https:\/\/isdi-ks.com\/index.php\/wp-json\/wp\/v2\/pages\/1785","targetHints":{"allow":["GET"]}}],"collection":[{"href":"https:\/\/isdi-ks.com\/index.php\/wp-json\/wp\/v2\/pages"}],"about":[{"href":"https:\/\/isdi-ks.com\/index.php\/wp-json\/wp\/v2\/types\/page"}],"author":[{"embeddable":true,"href":"https:\/\/isdi-ks.com\/index.php\/wp-json\/wp\/v2\/users\/1"}],"replies":[{"embeddable":true,"href":"https:\/\/isdi-ks.com\/index.php\/wp-json\/wp\/v2\/comments?post=1785"}],"version-history":[{"count":4,"href":"https:\/\/isdi-ks.com\/index.php\/wp-json\/wp\/v2\/pages\/1785\/revisions"}],"predecessor-version":[{"id":1789,"href":"https:\/\/isdi-ks.com\/index.php\/wp-json\/wp\/v2\/pages\/1785\/revisions\/1789"}],"wp:attachment":[{"href":"https:\/\/isdi-ks.com\/index.php\/wp-json\/wp\/v2\/media?parent=1785"}],"curies":[{"name":"wp","href":"https:\/\/api.w.org\/{rel}","templated":true}]}}