{"id":1144,"date":"2024-01-04T11:28:01","date_gmt":"2024-01-04T11:28:01","guid":{"rendered":"https:\/\/isdi-ks.com\/?page_id=1144"},"modified":"2024-01-04T12:18:10","modified_gmt":"2024-01-04T12:18:10","slug":"projeksionet-e-popullsise","status":"publish","type":"page","link":"https:\/\/isdi-ks.com\/index.php\/sq\/projeksionet-e-popullsise\/","title":{"rendered":"Projeksionet e popullsis\u00eb"},"content":{"rendered":"\t\t<div data-elementor-type=\"wp-page\" data-elementor-id=\"1144\" class=\"elementor elementor-1144\" data-elementor-post-type=\"page\">\n\t\t\t\t\t\t<section class=\"elementor-section elementor-top-section elementor-element elementor-element-47b0d08c elementor-section-full_width elementor-section-height-default elementor-section-height-default\" data-id=\"47b0d08c\" data-element_type=\"section\" data-settings=\"{&quot;background_slideshow_transition_duration&quot;:1200,&quot;background_background&quot;:&quot;slideshow&quot;,&quot;background_slideshow_gallery&quot;:[{&quot;id&quot;:1147,&quot;url&quot;:&quot;https:\\\/\\\/isdi-ks.com\\\/wp-content\\\/uploads\\\/2024\\\/01\\\/people-wallking-blurred-background-wallpaper-scaled.jpg&quot;},{&quot;id&quot;:1148,&quot;url&quot;:&quot;https:\\\/\\\/isdi-ks.com\\\/wp-content\\\/uploads\\\/2024\\\/01\\\/small-people-small-people-walk-many-streets-1-scaled.jpg&quot;}],&quot;background_slideshow_ken_burns&quot;:&quot;yes&quot;,&quot;background_slideshow_ken_burns_zoom_direction&quot;:&quot;out&quot;,&quot;background_slideshow_slide_duration&quot;:5000,&quot;background_slideshow_slide_transition&quot;:&quot;fade&quot;}\">\n\t\t\t\t\t\t\t<div class=\"elementor-background-overlay\"><\/div>\n\t\t\t\t\t\t\t<div class=\"elementor-container elementor-column-gap-default\">\n\t\t\t\t\t<div class=\"elementor-column elementor-col-100 elementor-top-column elementor-element elementor-element-20d5edf4\" data-id=\"20d5edf4\" data-element_type=\"column\">\n\t\t\t<div class=\"elementor-widget-wrap elementor-element-populated\">\n\t\t\t\t\t\t<div class=\"elementor-element elementor-element-4c17ff54 elementor-widget__width-initial elementor-widget elementor-widget-gva-heading-block\" data-id=\"4c17ff54\" data-element_type=\"widget\" data-widget_type=\"gva-heading-block.default\">\n\t\t\t\t<div class=\"elementor-widget-container\">\n\t\t\t\t\t<div class=\"gva-element-gva-heading-block gva-element\">   <div class=\"align-center style-1 widget gsc-heading box-align-left auto-responsive\">\r\n      <div class=\"content-inner\">\r\n         \r\n                  \r\n           \r\n         \r\n                     <h2 class=\"title\">\r\n               <span>Instituti i Sociologjis\u00eb, K\u00ebrkimeve  Demografike dhe Inovacionit <\/span>\r\n            <\/h2>\r\n                  \r\n         \r\n         \r\n      <\/div>\r\n   <\/div>\r\n<\/div>\t\t\t\t<\/div>\n\t\t\t\t<\/div>\n\t\t\t\t<div class=\"elementor-element elementor-element-34400918 elementor-widget elementor-widget-html\" data-id=\"34400918\" data-element_type=\"widget\" data-widget_type=\"html.default\">\n\t\t\t\t<div class=\"elementor-widget-container\">\n\t\t\t\t\t<div class=\"text-with-arrow\">\n    <span class=\"text\"> \tProjeksionet e popullsis\u00eb\n    <\/span>\n<\/div>\t\t\t\t<\/div>\n\t\t\t\t<\/div>\n\t\t\t\t\t<\/div>\n\t\t<\/div>\n\t\t\t\t\t<\/div>\n\t\t<\/section>\n\t\t<div class=\"elementor-element elementor-element-3819bf0 e-flex e-con-boxed e-con e-parent\" data-id=\"3819bf0\" data-element_type=\"container\">\n\t\t\t\t\t<div class=\"e-con-inner\">\n\t\t<div class=\"elementor-element elementor-element-7de78af e-con-full e-flex e-con e-child\" data-id=\"7de78af\" data-element_type=\"container\">\n\t\t\t\t<div class=\"elementor-element elementor-element-b268b73 elementor-widget elementor-widget-image\" data-id=\"b268b73\" data-element_type=\"widget\" data-widget_type=\"image.default\">\n\t\t\t\t<div class=\"elementor-widget-container\">\n\t\t\t\t\t\t\t\t\t\t\t\t\t\t\t<img fetchpriority=\"high\" decoding=\"async\" width=\"900\" height=\"600\" src=\"https:\/\/isdi-ks.com\/wp-content\/uploads\/2024\/01\/people-wallking-blurred-background-wallpaper-1024x683.jpg\" class=\"attachment-large size-large wp-image-1147\" alt=\"\" srcset=\"https:\/\/isdi-ks.com\/wp-content\/uploads\/2024\/01\/people-wallking-blurred-background-wallpaper-1024x683.jpg 1024w, https:\/\/isdi-ks.com\/wp-content\/uploads\/2024\/01\/people-wallking-blurred-background-wallpaper-768x512.jpg 768w, https:\/\/isdi-ks.com\/wp-content\/uploads\/2024\/01\/people-wallking-blurred-background-wallpaper-600x400.jpg 600w\" sizes=\"(max-width: 900px) 100vw, 900px\" \/>\t\t\t\t\t\t\t\t\t\t\t\t\t\t\t<\/div>\n\t\t\t\t<\/div>\n\t\t\t\t<\/div>\n\t\t<div class=\"elementor-element elementor-element-68c0221 e-con-full e-flex e-con e-child\" data-id=\"68c0221\" data-element_type=\"container\">\n\t\t\t\t<div class=\"elementor-element elementor-element-7bb0886 elementor-widget elementor-widget-heading\" data-id=\"7bb0886\" data-element_type=\"widget\" data-widget_type=\"heading.default\">\n\t\t\t\t<div class=\"elementor-widget-container\">\n\t\t\t\t\t<h2 class=\"elementor-heading-title elementor-size-default\">\tProjeksionet e popullsis\u00eb<\/h2>\t\t\t\t<\/div>\n\t\t\t\t<\/div>\n\t\t\t\t<div class=\"elementor-element elementor-element-cfe6ea1 elementor-widget elementor-widget-text-editor\" data-id=\"cfe6ea1\" data-element_type=\"widget\" data-widget_type=\"text-editor.default\">\n\t\t\t\t<div class=\"elementor-widget-container\">\n\t\t\t\t\t\t\t\t\t<p>Instituti ISDI gjithashtu ka p\u00ebr fokus hartimin e projeksioneve t\u00eb popullsis\u00eb, duke krijuar vizionet e nevojshme p\u00ebr t\u00eb ardhmen n\u00eb nivelet lokale dhe komb\u00ebtare. Kjo p\u00ebrpjekje synon t\u00eb kontribuoj\u00eb n\u00eb mund\u00ebsimin e planifikimeve t\u00eb politikave publike, territoriale, planifikimit familjar, ofrimit t\u00eb sh\u00ebrbimeve sociale, arsimit, sh\u00ebndet\u00ebsis\u00eb, infrastruktur\u00ebs, ndarjes s\u00eb buxhetit dhe krijimit t\u00eb nj\u00eb mjedis jet\u00ebsor t\u00eb p\u00ebrshtatsh\u00ebm p\u00ebr t\u00eb gjith\u00eb qytetar\u00ebt. P\u00ebrmes analiz\u00ebs dhe percjelljes s\u00eb trendeve demografike, Institutit ISDI i mund\u00ebson institucioneve t\u00eb hartojn\u00eb politika popullative t\u00eb q\u00ebndrueshme, duke p\u00ebrballur k\u00ebshtu ndaj sfidave t\u00eb ardhshme. Ky angazhim profesional ka p\u00ebr q\u00ebllim t\u00eb siguroj\u00eb nj\u00eb drejtim t\u00eb q\u00ebndruesh\u00ebm p\u00ebr zhvillimin e komuniteteve n\u00eb t\u00eb ardhmen.<\/p>\t\t\t\t\t\t\t\t<\/div>\n\t\t\t\t<\/div>\n\t\t\t\t<\/div>\n\t\t\t\t\t<\/div>\n\t\t\t\t<\/div>\n\t\t\t\t<\/div>\n\t\t","protected":false},"excerpt":{"rendered":"<p>Instituti i Sociologjis\u00eb, K\u00ebrkimeve Demografike dhe Inovacionit Projeksionet e popullsis\u00eb Projeksionet e popullsis\u00eb Instituti ISDI gjithashtu ka p\u00ebr fokus hartimin e projeksioneve t\u00eb popullsis\u00eb, duke krijuar vizionet e nevojshme p\u00ebr [&hellip;]<\/p>\n","protected":false},"author":1,"featured_media":0,"parent":0,"menu_order":0,"comment_status":"closed","ping_status":"closed","template":"","meta":{"footnotes":""},"class_list":["post-1144","page","type-page","status-publish","hentry"],"yoast_head":"<!-- This site is optimized with the Yoast SEO plugin v24.3 - https:\/\/yoast.com\/wordpress\/plugins\/seo\/ -->\n<title>Projeksionet e popullsis\u00eb - Isdi<\/title>\n<meta name=\"robots\" content=\"index, follow, max-snippet:-1, max-image-preview:large, max-video-preview:-1\" \/>\n<link rel=\"canonical\" href=\"https:\/\/isdi-ks.com\/index.php\/sq\/projeksionet-e-popullsise\/\" \/>\n<meta property=\"og:locale\" content=\"en_US\" \/>\n<meta property=\"og:type\" content=\"article\" \/>\n<meta property=\"og:title\" content=\"Projeksionet e popullsis\u00eb - Isdi\" \/>\n<meta property=\"og:description\" content=\"Instituti i Sociologjis\u00eb, K\u00ebrkimeve Demografike dhe Inovacionit Projeksionet e popullsis\u00eb Projeksionet e popullsis\u00eb Instituti ISDI gjithashtu ka p\u00ebr fokus hartimin e projeksioneve t\u00eb popullsis\u00eb, duke krijuar vizionet e nevojshme p\u00ebr [&hellip;]\" \/>\n<meta property=\"og:url\" content=\"https:\/\/isdi-ks.com\/index.php\/sq\/projeksionet-e-popullsise\/\" \/>\n<meta property=\"og:site_name\" content=\"Isdi\" \/>\n<meta property=\"article:modified_time\" content=\"2024-01-04T12:18:10+00:00\" \/>\n<meta property=\"og:image\" content=\"https:\/\/isdi-ks.com\/wp-content\/uploads\/2024\/01\/people-wallking-blurred-background-wallpaper-1024x683.jpg\" \/>\n<meta name=\"twitter:card\" content=\"summary_large_image\" \/>\n<meta name=\"twitter:label1\" content=\"Est. reading time\" \/>\n\t<meta name=\"twitter:data1\" content=\"1 minute\" \/>\n<script type=\"application\/ld+json\" class=\"yoast-schema-graph\">{\"@context\":\"https:\/\/schema.org\",\"@graph\":[{\"@type\":\"WebPage\",\"@id\":\"https:\/\/isdi-ks.com\/index.php\/sq\/projeksionet-e-popullsise\/\",\"url\":\"https:\/\/isdi-ks.com\/index.php\/sq\/projeksionet-e-popullsise\/\",\"name\":\"Projeksionet e popullsis\u00eb - Isdi\",\"isPartOf\":{\"@id\":\"https:\/\/isdi-ks.com\/#website\"},\"primaryImageOfPage\":{\"@id\":\"https:\/\/isdi-ks.com\/index.php\/sq\/projeksionet-e-popullsise\/#primaryimage\"},\"image\":{\"@id\":\"https:\/\/isdi-ks.com\/index.php\/sq\/projeksionet-e-popullsise\/#primaryimage\"},\"thumbnailUrl\":\"https:\/\/isdi-ks.com\/wp-content\/uploads\/2024\/01\/people-wallking-blurred-background-wallpaper-1024x683.jpg\",\"datePublished\":\"2024-01-04T11:28:01+00:00\",\"dateModified\":\"2024-01-04T12:18:10+00:00\",\"breadcrumb\":{\"@id\":\"https:\/\/isdi-ks.com\/index.php\/sq\/projeksionet-e-popullsise\/#breadcrumb\"},\"inLanguage\":\"en-US\",\"potentialAction\":[{\"@type\":\"ReadAction\",\"target\":[\"https:\/\/isdi-ks.com\/index.php\/sq\/projeksionet-e-popullsise\/\"]}]},{\"@type\":\"ImageObject\",\"inLanguage\":\"en-US\",\"@id\":\"https:\/\/isdi-ks.com\/index.php\/sq\/projeksionet-e-popullsise\/#primaryimage\",\"url\":\"https:\/\/isdi-ks.com\/wp-content\/uploads\/2024\/01\/people-wallking-blurred-background-wallpaper-scaled.jpg\",\"contentUrl\":\"https:\/\/isdi-ks.com\/wp-content\/uploads\/2024\/01\/people-wallking-blurred-background-wallpaper-scaled.jpg\",\"width\":2560,\"height\":1707},{\"@type\":\"BreadcrumbList\",\"@id\":\"https:\/\/isdi-ks.com\/index.php\/sq\/projeksionet-e-popullsise\/#breadcrumb\",\"itemListElement\":[{\"@type\":\"ListItem\",\"position\":1,\"name\":\"Home\",\"item\":\"https:\/\/isdi-ks.com\/index.php\/sq\/home-4\/\"},{\"@type\":\"ListItem\",\"position\":2,\"name\":\"Projeksionet e popullsis\u00eb\"}]},{\"@type\":\"WebSite\",\"@id\":\"https:\/\/isdi-ks.com\/#website\",\"url\":\"https:\/\/isdi-ks.com\/\",\"name\":\"Instituti ISDI\",\"description\":\"Instituti ISDI\",\"publisher\":{\"@id\":\"https:\/\/isdi-ks.com\/#organization\"},\"potentialAction\":[{\"@type\":\"SearchAction\",\"target\":{\"@type\":\"EntryPoint\",\"urlTemplate\":\"https:\/\/isdi-ks.com\/?s={search_term_string}\"},\"query-input\":{\"@type\":\"PropertyValueSpecification\",\"valueRequired\":true,\"valueName\":\"search_term_string\"}}],\"inLanguage\":\"en-US\"},{\"@type\":\"Organization\",\"@id\":\"https:\/\/isdi-ks.com\/#organization\",\"name\":\"Instituti ISDI\",\"url\":\"https:\/\/isdi-ks.com\/\",\"logo\":{\"@type\":\"ImageObject\",\"inLanguage\":\"en-US\",\"@id\":\"https:\/\/isdi-ks.com\/#\/schema\/logo\/image\/\",\"url\":\"https:\/\/isdi-ks.com\/wp-content\/uploads\/2024\/01\/image_6487327-2.png\",\"contentUrl\":\"https:\/\/isdi-ks.com\/wp-content\/uploads\/2024\/01\/image_6487327-2.png\",\"width\":733,\"height\":470,\"caption\":\"Instituti ISDI\"},\"image\":{\"@id\":\"https:\/\/isdi-ks.com\/#\/schema\/logo\/image\/\"}}]}<\/script>\n<!-- \/ Yoast SEO plugin. -->","yoast_head_json":{"title":"Projeksionet e popullsis\u00eb - Isdi","robots":{"index":"index","follow":"follow","max-snippet":"max-snippet:-1","max-image-preview":"max-image-preview:large","max-video-preview":"max-video-preview:-1"},"canonical":"https:\/\/isdi-ks.com\/index.php\/sq\/projeksionet-e-popullsise\/","og_locale":"en_US","og_type":"article","og_title":"Projeksionet e popullsis\u00eb - Isdi","og_description":"Instituti i Sociologjis\u00eb, K\u00ebrkimeve Demografike dhe Inovacionit Projeksionet e popullsis\u00eb Projeksionet e popullsis\u00eb Instituti ISDI gjithashtu ka p\u00ebr fokus hartimin e projeksioneve t\u00eb popullsis\u00eb, duke krijuar vizionet e nevojshme p\u00ebr [&hellip;]","og_url":"https:\/\/isdi-ks.com\/index.php\/sq\/projeksionet-e-popullsise\/","og_site_name":"Isdi","article_modified_time":"2024-01-04T12:18:10+00:00","og_image":[{"url":"https:\/\/isdi-ks.com\/wp-content\/uploads\/2024\/01\/people-wallking-blurred-background-wallpaper-1024x683.jpg","type":"","width":"","height":""}],"twitter_card":"summary_large_image","twitter_misc":{"Est. reading time":"1 minute"},"schema":{"@context":"https:\/\/schema.org","@graph":[{"@type":"WebPage","@id":"https:\/\/isdi-ks.com\/index.php\/sq\/projeksionet-e-popullsise\/","url":"https:\/\/isdi-ks.com\/index.php\/sq\/projeksionet-e-popullsise\/","name":"Projeksionet e popullsis\u00eb - Isdi","isPartOf":{"@id":"https:\/\/isdi-ks.com\/#website"},"primaryImageOfPage":{"@id":"https:\/\/isdi-ks.com\/index.php\/sq\/projeksionet-e-popullsise\/#primaryimage"},"image":{"@id":"https:\/\/isdi-ks.com\/index.php\/sq\/projeksionet-e-popullsise\/#primaryimage"},"thumbnailUrl":"https:\/\/isdi-ks.com\/wp-content\/uploads\/2024\/01\/people-wallking-blurred-background-wallpaper-1024x683.jpg","datePublished":"2024-01-04T11:28:01+00:00","dateModified":"2024-01-04T12:18:10+00:00","breadcrumb":{"@id":"https:\/\/isdi-ks.com\/index.php\/sq\/projeksionet-e-popullsise\/#breadcrumb"},"inLanguage":"en-US","potentialAction":[{"@type":"ReadAction","target":["https:\/\/isdi-ks.com\/index.php\/sq\/projeksionet-e-popullsise\/"]}]},{"@type":"ImageObject","inLanguage":"en-US","@id":"https:\/\/isdi-ks.com\/index.php\/sq\/projeksionet-e-popullsise\/#primaryimage","url":"https:\/\/isdi-ks.com\/wp-content\/uploads\/2024\/01\/people-wallking-blurred-background-wallpaper-scaled.jpg","contentUrl":"https:\/\/isdi-ks.com\/wp-content\/uploads\/2024\/01\/people-wallking-blurred-background-wallpaper-scaled.jpg","width":2560,"height":1707},{"@type":"BreadcrumbList","@id":"https:\/\/isdi-ks.com\/index.php\/sq\/projeksionet-e-popullsise\/#breadcrumb","itemListElement":[{"@type":"ListItem","position":1,"name":"Home","item":"https:\/\/isdi-ks.com\/index.php\/sq\/home-4\/"},{"@type":"ListItem","position":2,"name":"Projeksionet e popullsis\u00eb"}]},{"@type":"WebSite","@id":"https:\/\/isdi-ks.com\/#website","url":"https:\/\/isdi-ks.com\/","name":"Instituti ISDI","description":"Instituti ISDI","publisher":{"@id":"https:\/\/isdi-ks.com\/#organization"},"potentialAction":[{"@type":"SearchAction","target":{"@type":"EntryPoint","urlTemplate":"https:\/\/isdi-ks.com\/?s={search_term_string}"},"query-input":{"@type":"PropertyValueSpecification","valueRequired":true,"valueName":"search_term_string"}}],"inLanguage":"en-US"},{"@type":"Organization","@id":"https:\/\/isdi-ks.com\/#organization","name":"Instituti ISDI","url":"https:\/\/isdi-ks.com\/","logo":{"@type":"ImageObject","inLanguage":"en-US","@id":"https:\/\/isdi-ks.com\/#\/schema\/logo\/image\/","url":"https:\/\/isdi-ks.com\/wp-content\/uploads\/2024\/01\/image_6487327-2.png","contentUrl":"https:\/\/isdi-ks.com\/wp-content\/uploads\/2024\/01\/image_6487327-2.png","width":733,"height":470,"caption":"Instituti ISDI"},"image":{"@id":"https:\/\/isdi-ks.com\/#\/schema\/logo\/image\/"}}]}},"_links":{"self":[{"href":"https:\/\/isdi-ks.com\/index.php\/wp-json\/wp\/v2\/pages\/1144","targetHints":{"allow":["GET"]}}],"collection":[{"href":"https:\/\/isdi-ks.com\/index.php\/wp-json\/wp\/v2\/pages"}],"about":[{"href":"https:\/\/isdi-ks.com\/index.php\/wp-json\/wp\/v2\/types\/page"}],"author":[{"embeddable":true,"href":"https:\/\/isdi-ks.com\/index.php\/wp-json\/wp\/v2\/users\/1"}],"replies":[{"embeddable":true,"href":"https:\/\/isdi-ks.com\/index.php\/wp-json\/wp\/v2\/comments?post=1144"}],"version-history":[{"count":0,"href":"https:\/\/isdi-ks.com\/index.php\/wp-json\/wp\/v2\/pages\/1144\/revisions"}],"wp:attachment":[{"href":"https:\/\/isdi-ks.com\/index.php\/wp-json\/wp\/v2\/media?parent=1144"}],"curies":[{"name":"wp","href":"https:\/\/api.w.org\/{rel}","templated":true}]}}