{"id":1129,"date":"2024-01-04T11:24:07","date_gmt":"2024-01-04T11:24:07","guid":{"rendered":"https:\/\/isdi-ks.com\/?page_id=1129"},"modified":"2024-01-04T12:17:46","modified_gmt":"2024-01-04T12:17:46","slug":"mbledhja-e-te-dhenave-sistemimi-dhe-analiza","status":"publish","type":"page","link":"https:\/\/isdi-ks.com\/index.php\/sq\/mbledhja-e-te-dhenave-sistemimi-dhe-analiza\/","title":{"rendered":"Mbledhja e t\u00eb dh\u00ebnave, sistemimi dhe analiza"},"content":{"rendered":"\t\t<div data-elementor-type=\"wp-page\" data-elementor-id=\"1129\" class=\"elementor elementor-1129\" data-elementor-post-type=\"page\">\n\t\t\t\t\t\t<section class=\"elementor-section elementor-top-section elementor-element elementor-element-73820b2b elementor-section-full_width elementor-section-height-default elementor-section-height-default\" data-id=\"73820b2b\" data-element_type=\"section\" data-settings=\"{&quot;background_slideshow_transition_duration&quot;:1200,&quot;background_background&quot;:&quot;slideshow&quot;,&quot;background_slideshow_gallery&quot;:[{&quot;id&quot;:1125,&quot;url&quot;:&quot;https:\\\/\\\/isdi-ks.com\\\/wp-content\\\/uploads\\\/2024\\\/01\\\/data-analysis-results-summary-graph-chart-word-graphic-scaled.jpg&quot;},{&quot;id&quot;:1132,&quot;url&quot;:&quot;https:\\\/\\\/isdi-ks.com\\\/wp-content\\\/uploads\\\/2024\\\/01\\\/business-data-analysis-scaled.jpg&quot;}],&quot;background_slideshow_ken_burns&quot;:&quot;yes&quot;,&quot;background_slideshow_ken_burns_zoom_direction&quot;:&quot;out&quot;,&quot;background_slideshow_slide_duration&quot;:5000,&quot;background_slideshow_slide_transition&quot;:&quot;fade&quot;}\">\n\t\t\t\t\t\t\t<div class=\"elementor-background-overlay\"><\/div>\n\t\t\t\t\t\t\t<div class=\"elementor-container elementor-column-gap-default\">\n\t\t\t\t\t<div class=\"elementor-column elementor-col-100 elementor-top-column elementor-element elementor-element-175b5491\" data-id=\"175b5491\" data-element_type=\"column\">\n\t\t\t<div class=\"elementor-widget-wrap elementor-element-populated\">\n\t\t\t\t\t\t<div class=\"elementor-element elementor-element-3d524354 elementor-widget__width-initial elementor-widget elementor-widget-gva-heading-block\" data-id=\"3d524354\" data-element_type=\"widget\" data-widget_type=\"gva-heading-block.default\">\n\t\t\t\t<div class=\"elementor-widget-container\">\n\t\t\t\t\t<div class=\"gva-element-gva-heading-block gva-element\">   <div class=\"align-center style-1 widget gsc-heading box-align-left auto-responsive\">\r\n      <div class=\"content-inner\">\r\n         \r\n                  \r\n           \r\n         \r\n                     <h2 class=\"title\">\r\n               <span>Instituti i Sociologjis\u00eb, K\u00ebrkimeve  Demografike dhe Inovacionit <\/span>\r\n            <\/h2>\r\n                  \r\n         \r\n         \r\n      <\/div>\r\n   <\/div>\r\n<\/div>\t\t\t\t<\/div>\n\t\t\t\t<\/div>\n\t\t\t\t<div class=\"elementor-element elementor-element-36e33cb6 elementor-widget elementor-widget-html\" data-id=\"36e33cb6\" data-element_type=\"widget\" data-widget_type=\"html.default\">\n\t\t\t\t<div class=\"elementor-widget-container\">\n\t\t\t\t\t<div class=\"text-with-arrow\">\n    <span class=\"text\"> \tMbledhja e t\u00eb dh\u00ebnave, sistemimi dhe analiza\n    <\/span>\n<\/div>\t\t\t\t<\/div>\n\t\t\t\t<\/div>\n\t\t\t\t\t<\/div>\n\t\t<\/div>\n\t\t\t\t\t<\/div>\n\t\t<\/section>\n\t\t<div class=\"elementor-element elementor-element-1944916 e-flex e-con-boxed e-con e-parent\" data-id=\"1944916\" data-element_type=\"container\">\n\t\t\t\t\t<div class=\"e-con-inner\">\n\t\t<div class=\"elementor-element elementor-element-c03b2a4 e-con-full e-flex e-con e-child\" data-id=\"c03b2a4\" data-element_type=\"container\">\n\t\t\t\t<div class=\"elementor-element elementor-element-dbf6ee9 elementor-widget elementor-widget-image\" data-id=\"dbf6ee9\" data-element_type=\"widget\" data-widget_type=\"image.default\">\n\t\t\t\t<div class=\"elementor-widget-container\">\n\t\t\t\t\t\t\t\t\t\t\t\t\t\t\t<img fetchpriority=\"high\" decoding=\"async\" width=\"900\" height=\"644\" src=\"https:\/\/isdi-ks.com\/wp-content\/uploads\/2024\/01\/business-data-analysis-1024x733.jpg\" class=\"attachment-large size-large wp-image-1132\" alt=\"\" srcset=\"https:\/\/isdi-ks.com\/wp-content\/uploads\/2024\/01\/business-data-analysis-1024x733.jpg 1024w, https:\/\/isdi-ks.com\/wp-content\/uploads\/2024\/01\/business-data-analysis-768x549.jpg 768w, https:\/\/isdi-ks.com\/wp-content\/uploads\/2024\/01\/business-data-analysis-580x415.jpg 580w, https:\/\/isdi-ks.com\/wp-content\/uploads\/2024\/01\/business-data-analysis-600x429.jpg 600w\" sizes=\"(max-width: 900px) 100vw, 900px\" \/>\t\t\t\t\t\t\t\t\t\t\t\t\t\t\t<\/div>\n\t\t\t\t<\/div>\n\t\t\t\t<\/div>\n\t\t<div class=\"elementor-element elementor-element-b5b6dad e-con-full e-flex e-con e-child\" data-id=\"b5b6dad\" data-element_type=\"container\">\n\t\t\t\t<div class=\"elementor-element elementor-element-37d3597 elementor-widget elementor-widget-heading\" data-id=\"37d3597\" data-element_type=\"widget\" data-widget_type=\"heading.default\">\n\t\t\t\t<div class=\"elementor-widget-container\">\n\t\t\t\t\t<h2 class=\"elementor-heading-title elementor-size-default\">Mbledhja e t\u00eb dh\u00ebnave, sistemimi dhe analiza<\/h2>\t\t\t\t<\/div>\n\t\t\t\t<\/div>\n\t\t\t\t<div class=\"elementor-element elementor-element-a450367 elementor-widget elementor-widget-text-editor\" data-id=\"a450367\" data-element_type=\"widget\" data-widget_type=\"text-editor.default\">\n\t\t\t\t<div class=\"elementor-widget-container\">\n\t\t\t\t\t\t\t\t\t<p>ISDI ofron sh\u00ebrbime t\u00eb avancuara n\u00eb mbledhjen, sistemin, analiz\u00ebn dhe raportimin e t\u00eb dh\u00ebnave, ve\u00e7an\u00ebrisht n\u00eb fush\u00ebn e sh\u00ebrbimeve sociale, hulumtimit dhe analiz\u00ebs profesionale. P\u00ebrtej k\u00ebsaj, instituti \u00ebsht\u00eb i specializuar n\u00eb nd\u00ebrtimin e bazave t\u00eb t\u00eb dh\u00ebnave, zhvillimin e sistemeve t\u00eb komunikimit, dhe ofrimin e sh\u00ebrbimeve sociale dhe n\u00eb fusha t\u00eb p\u00ebraf\u00ebrta. Kjo p\u00ebrpjekje ka p\u00ebr q\u00ebllim t\u00eb leht\u00ebsoj\u00eb pun\u00ebn e institucioneve publike dhe private duke siguruar nj\u00eb infrastruktur\u00eb efikase dhe inovative p\u00ebr menaxhimin, p\u00ebrpunimin dhe raportimin e t\u00eb dh\u00ebnave. N\u00ebp\u00ebrmjet k\u00ebtyre sh\u00ebrbimeve, Institutit ISDI synon t\u00eb ofroj\u00eb nj\u00eb eksperienc\u00eb sa m\u00eb cil\u00ebsore dhe t\u00eb p\u00ebrshtatshme p\u00ebr t\u00eb gjith\u00eb institucionet dhe qytetar\u00ebt, duke kontribuar k\u00ebshtu n\u00eb p\u00ebrmir\u00ebsimin e sh\u00ebrbimeve sociale n\u00eb nivel komuniteti.<\/p>\t\t\t\t\t\t\t\t<\/div>\n\t\t\t\t<\/div>\n\t\t\t\t<\/div>\n\t\t\t\t\t<\/div>\n\t\t\t\t<\/div>\n\t\t\t\t<\/div>\n\t\t","protected":false},"excerpt":{"rendered":"<p>Instituti i Sociologjis\u00eb, K\u00ebrkimeve Demografike dhe Inovacionit Mbledhja e t\u00eb dh\u00ebnave, sistemimi dhe analiza Mbledhja e t\u00eb dh\u00ebnave, sistemimi dhe analiza ISDI ofron sh\u00ebrbime t\u00eb avancuara n\u00eb mbledhjen, sistemin, analiz\u00ebn [&hellip;]<\/p>\n","protected":false},"author":1,"featured_media":0,"parent":0,"menu_order":0,"comment_status":"closed","ping_status":"closed","template":"","meta":{"footnotes":""},"class_list":["post-1129","page","type-page","status-publish","hentry"],"yoast_head":"<!-- This site is optimized with the Yoast SEO plugin v24.3 - https:\/\/yoast.com\/wordpress\/plugins\/seo\/ -->\n<title>Mbledhja e t\u00eb dh\u00ebnave, sistemimi dhe analiza - Isdi<\/title>\n<meta name=\"robots\" content=\"index, follow, max-snippet:-1, max-image-preview:large, max-video-preview:-1\" \/>\n<link rel=\"canonical\" href=\"https:\/\/isdi-ks.com\/index.php\/sq\/mbledhja-e-te-dhenave-sistemimi-dhe-analiza\/\" \/>\n<meta property=\"og:locale\" content=\"en_US\" \/>\n<meta property=\"og:type\" content=\"article\" \/>\n<meta property=\"og:title\" content=\"Mbledhja e t\u00eb dh\u00ebnave, sistemimi dhe analiza - Isdi\" \/>\n<meta property=\"og:description\" content=\"Instituti i Sociologjis\u00eb, K\u00ebrkimeve Demografike dhe Inovacionit Mbledhja e t\u00eb dh\u00ebnave, sistemimi dhe analiza Mbledhja e t\u00eb dh\u00ebnave, sistemimi dhe analiza ISDI ofron sh\u00ebrbime t\u00eb avancuara n\u00eb mbledhjen, sistemin, analiz\u00ebn [&hellip;]\" \/>\n<meta property=\"og:url\" content=\"https:\/\/isdi-ks.com\/index.php\/sq\/mbledhja-e-te-dhenave-sistemimi-dhe-analiza\/\" \/>\n<meta property=\"og:site_name\" content=\"Isdi\" \/>\n<meta property=\"article:modified_time\" content=\"2024-01-04T12:17:46+00:00\" \/>\n<meta property=\"og:image\" content=\"https:\/\/isdi-ks.com\/wp-content\/uploads\/2024\/01\/business-data-analysis-1024x733.jpg\" \/>\n<meta name=\"twitter:card\" content=\"summary_large_image\" \/>\n<meta name=\"twitter:label1\" content=\"Est. reading time\" \/>\n\t<meta name=\"twitter:data1\" content=\"1 minute\" \/>\n<script type=\"application\/ld+json\" class=\"yoast-schema-graph\">{\"@context\":\"https:\/\/schema.org\",\"@graph\":[{\"@type\":\"WebPage\",\"@id\":\"https:\/\/isdi-ks.com\/index.php\/sq\/mbledhja-e-te-dhenave-sistemimi-dhe-analiza\/\",\"url\":\"https:\/\/isdi-ks.com\/index.php\/sq\/mbledhja-e-te-dhenave-sistemimi-dhe-analiza\/\",\"name\":\"Mbledhja e t\u00eb dh\u00ebnave, sistemimi dhe analiza - Isdi\",\"isPartOf\":{\"@id\":\"https:\/\/isdi-ks.com\/#website\"},\"primaryImageOfPage\":{\"@id\":\"https:\/\/isdi-ks.com\/index.php\/sq\/mbledhja-e-te-dhenave-sistemimi-dhe-analiza\/#primaryimage\"},\"image\":{\"@id\":\"https:\/\/isdi-ks.com\/index.php\/sq\/mbledhja-e-te-dhenave-sistemimi-dhe-analiza\/#primaryimage\"},\"thumbnailUrl\":\"https:\/\/isdi-ks.com\/wp-content\/uploads\/2024\/01\/business-data-analysis-1024x733.jpg\",\"datePublished\":\"2024-01-04T11:24:07+00:00\",\"dateModified\":\"2024-01-04T12:17:46+00:00\",\"breadcrumb\":{\"@id\":\"https:\/\/isdi-ks.com\/index.php\/sq\/mbledhja-e-te-dhenave-sistemimi-dhe-analiza\/#breadcrumb\"},\"inLanguage\":\"en-US\",\"potentialAction\":[{\"@type\":\"ReadAction\",\"target\":[\"https:\/\/isdi-ks.com\/index.php\/sq\/mbledhja-e-te-dhenave-sistemimi-dhe-analiza\/\"]}]},{\"@type\":\"ImageObject\",\"inLanguage\":\"en-US\",\"@id\":\"https:\/\/isdi-ks.com\/index.php\/sq\/mbledhja-e-te-dhenave-sistemimi-dhe-analiza\/#primaryimage\",\"url\":\"https:\/\/isdi-ks.com\/wp-content\/uploads\/2024\/01\/business-data-analysis-scaled.jpg\",\"contentUrl\":\"https:\/\/isdi-ks.com\/wp-content\/uploads\/2024\/01\/business-data-analysis-scaled.jpg\",\"width\":2560,\"height\":1831,\"caption\":\"Business data analysis\"},{\"@type\":\"BreadcrumbList\",\"@id\":\"https:\/\/isdi-ks.com\/index.php\/sq\/mbledhja-e-te-dhenave-sistemimi-dhe-analiza\/#breadcrumb\",\"itemListElement\":[{\"@type\":\"ListItem\",\"position\":1,\"name\":\"Home\",\"item\":\"https:\/\/isdi-ks.com\/index.php\/sq\/home-4\/\"},{\"@type\":\"ListItem\",\"position\":2,\"name\":\"Mbledhja e t\u00eb dh\u00ebnave, sistemimi dhe analiza\"}]},{\"@type\":\"WebSite\",\"@id\":\"https:\/\/isdi-ks.com\/#website\",\"url\":\"https:\/\/isdi-ks.com\/\",\"name\":\"Instituti ISDI\",\"description\":\"Instituti ISDI\",\"publisher\":{\"@id\":\"https:\/\/isdi-ks.com\/#organization\"},\"potentialAction\":[{\"@type\":\"SearchAction\",\"target\":{\"@type\":\"EntryPoint\",\"urlTemplate\":\"https:\/\/isdi-ks.com\/?s={search_term_string}\"},\"query-input\":{\"@type\":\"PropertyValueSpecification\",\"valueRequired\":true,\"valueName\":\"search_term_string\"}}],\"inLanguage\":\"en-US\"},{\"@type\":\"Organization\",\"@id\":\"https:\/\/isdi-ks.com\/#organization\",\"name\":\"Instituti ISDI\",\"url\":\"https:\/\/isdi-ks.com\/\",\"logo\":{\"@type\":\"ImageObject\",\"inLanguage\":\"en-US\",\"@id\":\"https:\/\/isdi-ks.com\/#\/schema\/logo\/image\/\",\"url\":\"https:\/\/isdi-ks.com\/wp-content\/uploads\/2024\/01\/image_6487327-2.png\",\"contentUrl\":\"https:\/\/isdi-ks.com\/wp-content\/uploads\/2024\/01\/image_6487327-2.png\",\"width\":733,\"height\":470,\"caption\":\"Instituti ISDI\"},\"image\":{\"@id\":\"https:\/\/isdi-ks.com\/#\/schema\/logo\/image\/\"}}]}<\/script>\n<!-- \/ Yoast SEO plugin. -->","yoast_head_json":{"title":"Mbledhja e t\u00eb dh\u00ebnave, sistemimi dhe analiza - Isdi","robots":{"index":"index","follow":"follow","max-snippet":"max-snippet:-1","max-image-preview":"max-image-preview:large","max-video-preview":"max-video-preview:-1"},"canonical":"https:\/\/isdi-ks.com\/index.php\/sq\/mbledhja-e-te-dhenave-sistemimi-dhe-analiza\/","og_locale":"en_US","og_type":"article","og_title":"Mbledhja e t\u00eb dh\u00ebnave, sistemimi dhe analiza - Isdi","og_description":"Instituti i Sociologjis\u00eb, K\u00ebrkimeve Demografike dhe Inovacionit Mbledhja e t\u00eb dh\u00ebnave, sistemimi dhe analiza Mbledhja e t\u00eb dh\u00ebnave, sistemimi dhe analiza ISDI ofron sh\u00ebrbime t\u00eb avancuara n\u00eb mbledhjen, sistemin, analiz\u00ebn [&hellip;]","og_url":"https:\/\/isdi-ks.com\/index.php\/sq\/mbledhja-e-te-dhenave-sistemimi-dhe-analiza\/","og_site_name":"Isdi","article_modified_time":"2024-01-04T12:17:46+00:00","og_image":[{"url":"https:\/\/isdi-ks.com\/wp-content\/uploads\/2024\/01\/business-data-analysis-1024x733.jpg","type":"","width":"","height":""}],"twitter_card":"summary_large_image","twitter_misc":{"Est. reading time":"1 minute"},"schema":{"@context":"https:\/\/schema.org","@graph":[{"@type":"WebPage","@id":"https:\/\/isdi-ks.com\/index.php\/sq\/mbledhja-e-te-dhenave-sistemimi-dhe-analiza\/","url":"https:\/\/isdi-ks.com\/index.php\/sq\/mbledhja-e-te-dhenave-sistemimi-dhe-analiza\/","name":"Mbledhja e t\u00eb dh\u00ebnave, sistemimi dhe analiza - Isdi","isPartOf":{"@id":"https:\/\/isdi-ks.com\/#website"},"primaryImageOfPage":{"@id":"https:\/\/isdi-ks.com\/index.php\/sq\/mbledhja-e-te-dhenave-sistemimi-dhe-analiza\/#primaryimage"},"image":{"@id":"https:\/\/isdi-ks.com\/index.php\/sq\/mbledhja-e-te-dhenave-sistemimi-dhe-analiza\/#primaryimage"},"thumbnailUrl":"https:\/\/isdi-ks.com\/wp-content\/uploads\/2024\/01\/business-data-analysis-1024x733.jpg","datePublished":"2024-01-04T11:24:07+00:00","dateModified":"2024-01-04T12:17:46+00:00","breadcrumb":{"@id":"https:\/\/isdi-ks.com\/index.php\/sq\/mbledhja-e-te-dhenave-sistemimi-dhe-analiza\/#breadcrumb"},"inLanguage":"en-US","potentialAction":[{"@type":"ReadAction","target":["https:\/\/isdi-ks.com\/index.php\/sq\/mbledhja-e-te-dhenave-sistemimi-dhe-analiza\/"]}]},{"@type":"ImageObject","inLanguage":"en-US","@id":"https:\/\/isdi-ks.com\/index.php\/sq\/mbledhja-e-te-dhenave-sistemimi-dhe-analiza\/#primaryimage","url":"https:\/\/isdi-ks.com\/wp-content\/uploads\/2024\/01\/business-data-analysis-scaled.jpg","contentUrl":"https:\/\/isdi-ks.com\/wp-content\/uploads\/2024\/01\/business-data-analysis-scaled.jpg","width":2560,"height":1831,"caption":"Business data analysis"},{"@type":"BreadcrumbList","@id":"https:\/\/isdi-ks.com\/index.php\/sq\/mbledhja-e-te-dhenave-sistemimi-dhe-analiza\/#breadcrumb","itemListElement":[{"@type":"ListItem","position":1,"name":"Home","item":"https:\/\/isdi-ks.com\/index.php\/sq\/home-4\/"},{"@type":"ListItem","position":2,"name":"Mbledhja e t\u00eb dh\u00ebnave, sistemimi dhe analiza"}]},{"@type":"WebSite","@id":"https:\/\/isdi-ks.com\/#website","url":"https:\/\/isdi-ks.com\/","name":"Instituti ISDI","description":"Instituti ISDI","publisher":{"@id":"https:\/\/isdi-ks.com\/#organization"},"potentialAction":[{"@type":"SearchAction","target":{"@type":"EntryPoint","urlTemplate":"https:\/\/isdi-ks.com\/?s={search_term_string}"},"query-input":{"@type":"PropertyValueSpecification","valueRequired":true,"valueName":"search_term_string"}}],"inLanguage":"en-US"},{"@type":"Organization","@id":"https:\/\/isdi-ks.com\/#organization","name":"Instituti ISDI","url":"https:\/\/isdi-ks.com\/","logo":{"@type":"ImageObject","inLanguage":"en-US","@id":"https:\/\/isdi-ks.com\/#\/schema\/logo\/image\/","url":"https:\/\/isdi-ks.com\/wp-content\/uploads\/2024\/01\/image_6487327-2.png","contentUrl":"https:\/\/isdi-ks.com\/wp-content\/uploads\/2024\/01\/image_6487327-2.png","width":733,"height":470,"caption":"Instituti ISDI"},"image":{"@id":"https:\/\/isdi-ks.com\/#\/schema\/logo\/image\/"}}]}},"_links":{"self":[{"href":"https:\/\/isdi-ks.com\/index.php\/wp-json\/wp\/v2\/pages\/1129","targetHints":{"allow":["GET"]}}],"collection":[{"href":"https:\/\/isdi-ks.com\/index.php\/wp-json\/wp\/v2\/pages"}],"about":[{"href":"https:\/\/isdi-ks.com\/index.php\/wp-json\/wp\/v2\/types\/page"}],"author":[{"embeddable":true,"href":"https:\/\/isdi-ks.com\/index.php\/wp-json\/wp\/v2\/users\/1"}],"replies":[{"embeddable":true,"href":"https:\/\/isdi-ks.com\/index.php\/wp-json\/wp\/v2\/comments?post=1129"}],"version-history":[{"count":0,"href":"https:\/\/isdi-ks.com\/index.php\/wp-json\/wp\/v2\/pages\/1129\/revisions"}],"wp:attachment":[{"href":"https:\/\/isdi-ks.com\/index.php\/wp-json\/wp\/v2\/media?parent=1129"}],"curies":[{"name":"wp","href":"https:\/\/api.w.org\/{rel}","templated":true}]}}