{"id":1113,"date":"2024-01-04T11:20:44","date_gmt":"2024-01-04T11:20:44","guid":{"rendered":"https:\/\/isdi-ks.com\/?page_id=1113"},"modified":"2024-01-04T14:29:30","modified_gmt":"2024-01-04T14:29:30","slug":"konsulence-profesionale","status":"publish","type":"page","link":"https:\/\/isdi-ks.com\/index.php\/sq\/konsulence-profesionale\/","title":{"rendered":"KONSULENC\u00cb PROFESIONALE"},"content":{"rendered":"\t\t<div data-elementor-type=\"wp-page\" data-elementor-id=\"1113\" class=\"elementor elementor-1113\" data-elementor-post-type=\"page\">\n\t\t\t\t\t\t<section class=\"elementor-section elementor-top-section elementor-element elementor-element-530c7446 elementor-section-full_width elementor-section-height-default elementor-section-height-default\" data-id=\"530c7446\" data-element_type=\"section\" data-settings=\"{&quot;background_slideshow_transition_duration&quot;:1200,&quot;background_background&quot;:&quot;slideshow&quot;,&quot;background_slideshow_gallery&quot;:[{&quot;id&quot;:1100,&quot;url&quot;:&quot;https:\\\/\\\/isdi-ks.com\\\/wp-content\\\/uploads\\\/2024\\\/01\\\/cropped-colleagues-generating-business-ideas-scaled.jpg&quot;},{&quot;id&quot;:935,&quot;url&quot;:&quot;https:\\\/\\\/isdi-ks.com\\\/wp-content\\\/uploads\\\/2024\\\/01\\\/image_6483441-3.jpg&quot;}],&quot;background_slideshow_ken_burns&quot;:&quot;yes&quot;,&quot;background_slideshow_ken_burns_zoom_direction&quot;:&quot;out&quot;,&quot;background_slideshow_slide_duration&quot;:5000,&quot;background_slideshow_slide_transition&quot;:&quot;fade&quot;}\">\n\t\t\t\t\t\t\t<div class=\"elementor-background-overlay\"><\/div>\n\t\t\t\t\t\t\t<div class=\"elementor-container elementor-column-gap-default\">\n\t\t\t\t\t<div class=\"elementor-column elementor-col-100 elementor-top-column elementor-element elementor-element-1548cb24\" data-id=\"1548cb24\" data-element_type=\"column\">\n\t\t\t<div class=\"elementor-widget-wrap elementor-element-populated\">\n\t\t\t\t\t\t<div class=\"elementor-element elementor-element-591a7ed8 elementor-widget__width-initial elementor-widget elementor-widget-gva-heading-block\" data-id=\"591a7ed8\" data-element_type=\"widget\" data-widget_type=\"gva-heading-block.default\">\n\t\t\t\t<div class=\"elementor-widget-container\">\n\t\t\t\t\t<div class=\"gva-element-gva-heading-block gva-element\">   <div class=\"align-center style-1 widget gsc-heading box-align-left auto-responsive\">\r\n      <div class=\"content-inner\">\r\n         \r\n                  \r\n           \r\n         \r\n                     <h2 class=\"title\">\r\n               <span>Instituti i Sociologjis\u00eb, K\u00ebrkimeve  Demografike dhe Inovacionit <\/span>\r\n            <\/h2>\r\n                  \r\n         \r\n         \r\n      <\/div>\r\n   <\/div>\r\n<\/div>\t\t\t\t<\/div>\n\t\t\t\t<\/div>\n\t\t\t\t<div class=\"elementor-element elementor-element-668a18e9 elementor-widget elementor-widget-html\" data-id=\"668a18e9\" data-element_type=\"widget\" data-widget_type=\"html.default\">\n\t\t\t\t<div class=\"elementor-widget-container\">\n\t\t\t\t\t<div class=\"text-with-arrow\">\n    <span class=\"text\"> \tKonsulenc\u00eb profesionale\n    <\/span>\n<\/div>\t\t\t\t<\/div>\n\t\t\t\t<\/div>\n\t\t\t\t\t<\/div>\n\t\t<\/div>\n\t\t\t\t\t<\/div>\n\t\t<\/section>\n\t\t<div class=\"elementor-element elementor-element-e83f749 e-flex e-con-boxed e-con e-parent\" data-id=\"e83f749\" data-element_type=\"container\">\n\t\t\t\t\t<div class=\"e-con-inner\">\n\t\t<div class=\"elementor-element elementor-element-3e7122d e-con-full e-flex e-con e-child\" data-id=\"3e7122d\" data-element_type=\"container\">\n\t\t\t\t<div class=\"elementor-element elementor-element-f065a33 elementor-widget elementor-widget-image\" data-id=\"f065a33\" data-element_type=\"widget\" data-widget_type=\"image.default\">\n\t\t\t\t<div class=\"elementor-widget-container\">\n\t\t\t\t\t\t\t\t\t\t\t\t\t\t\t<img fetchpriority=\"high\" decoding=\"async\" width=\"900\" height=\"600\" src=\"https:\/\/isdi-ks.com\/wp-content\/uploads\/2024\/01\/cropped-colleagues-generating-business-ideas-1024x683.jpg\" class=\"attachment-large size-large wp-image-1100\" alt=\"\" srcset=\"https:\/\/isdi-ks.com\/wp-content\/uploads\/2024\/01\/cropped-colleagues-generating-business-ideas-1024x683.jpg 1024w, https:\/\/isdi-ks.com\/wp-content\/uploads\/2024\/01\/cropped-colleagues-generating-business-ideas-768x513.jpg 768w, https:\/\/isdi-ks.com\/wp-content\/uploads\/2024\/01\/cropped-colleagues-generating-business-ideas-600x400.jpg 600w\" sizes=\"(max-width: 900px) 100vw, 900px\" \/>\t\t\t\t\t\t\t\t\t\t\t\t\t\t\t<\/div>\n\t\t\t\t<\/div>\n\t\t\t\t<\/div>\n\t\t<div class=\"elementor-element elementor-element-1c791d9 e-con-full e-flex e-con e-child\" data-id=\"1c791d9\" data-element_type=\"container\">\n\t\t\t\t<div class=\"elementor-element elementor-element-2c0055e elementor-widget elementor-widget-heading\" data-id=\"2c0055e\" data-element_type=\"widget\" data-widget_type=\"heading.default\">\n\t\t\t\t<div class=\"elementor-widget-container\">\n\t\t\t\t\t<h2 class=\"elementor-heading-title elementor-size-default\">Konsulenc\u00eb profesionale<\/h2>\t\t\t\t<\/div>\n\t\t\t\t<\/div>\n\t\t\t\t<div class=\"elementor-element elementor-element-7c208f5 elementor-widget elementor-widget-text-editor\" data-id=\"7c208f5\" data-element_type=\"widget\" data-widget_type=\"text-editor.default\">\n\t\t\t\t<div class=\"elementor-widget-container\">\n\t\t\t\t\t\t\t\t\t<p>ISDI ofron konsulenc\u00eb profesionale n\u00eb fush\u00ebn e zhvillimit social, edukimit, teknologjis\u00eb s\u00eb informacionit, planifikimit hap\u00ebsinor, mjedisit, zhvillimit t\u00eb q\u00ebndruesh\u00ebm, ofrimit t\u00eb sh\u00ebrbimeve sociale dhe fushave t\u00eb ngjashme. Q\u00ebllimi i konsulenc\u00ebs \u00ebsht\u00eb hartimi i strategjive dhe politikave t\u00eb nd\u00ebrmarrura me q\u00ebllim t\u00eb ndikimit n\u00eb p\u00ebrmir\u00ebsimin e politikave publike dhe mireqenien e komunitetit. P\u00ebrmes ekspertiz\u00ebs dhe p\u00ebrvoj\u00ebs profesionale, Institutit ISDI i ofron klient\u00ebve t\u00eb tij nj\u00eb p\u00ebrqasje t\u00eb specializuar dhe t\u00eb personalizuar p\u00ebr t\u00eb adresuar sfidat dhe duke synuar arritjen e q\u00ebllimeve t\u00eb tyre n\u00eb fushat e ndryshme t\u00eb zhvillimit dhe mir\u00ebqenies shoq\u00ebrore.<\/p>\t\t\t\t\t\t\t\t<\/div>\n\t\t\t\t<\/div>\n\t\t\t\t<\/div>\n\t\t\t\t\t<\/div>\n\t\t\t\t<\/div>\n\t\t\t\t<\/div>\n\t\t","protected":false},"excerpt":{"rendered":"<p>Instituti i Sociologjis\u00eb, K\u00ebrkimeve Demografike dhe Inovacionit Konsulenc\u00eb profesionale Konsulenc\u00eb profesionale ISDI ofron konsulenc\u00eb profesionale n\u00eb fush\u00ebn e zhvillimit social, edukimit, teknologjis\u00eb s\u00eb informacionit, planifikimit hap\u00ebsinor, mjedisit, zhvillimit t\u00eb q\u00ebndruesh\u00ebm, [&hellip;]<\/p>\n","protected":false},"author":1,"featured_media":0,"parent":0,"menu_order":0,"comment_status":"closed","ping_status":"closed","template":"","meta":{"footnotes":""},"class_list":["post-1113","page","type-page","status-publish","hentry"],"yoast_head":"<!-- This site is optimized with the Yoast SEO plugin v24.3 - https:\/\/yoast.com\/wordpress\/plugins\/seo\/ -->\n<title>KONSULENC\u00cb PROFESIONALE - Isdi<\/title>\n<meta name=\"robots\" content=\"index, follow, max-snippet:-1, max-image-preview:large, max-video-preview:-1\" \/>\n<link rel=\"canonical\" href=\"https:\/\/isdi-ks.com\/index.php\/sq\/konsulence-profesionale\/\" \/>\n<meta property=\"og:locale\" content=\"en_US\" \/>\n<meta property=\"og:type\" content=\"article\" \/>\n<meta property=\"og:title\" content=\"KONSULENC\u00cb PROFESIONALE - Isdi\" \/>\n<meta property=\"og:description\" content=\"Instituti i Sociologjis\u00eb, K\u00ebrkimeve Demografike dhe Inovacionit Konsulenc\u00eb profesionale Konsulenc\u00eb profesionale ISDI ofron konsulenc\u00eb profesionale n\u00eb fush\u00ebn e zhvillimit social, edukimit, teknologjis\u00eb s\u00eb informacionit, planifikimit hap\u00ebsinor, mjedisit, zhvillimit t\u00eb q\u00ebndruesh\u00ebm, [&hellip;]\" \/>\n<meta property=\"og:url\" content=\"https:\/\/isdi-ks.com\/index.php\/sq\/konsulence-profesionale\/\" \/>\n<meta property=\"og:site_name\" content=\"Isdi\" \/>\n<meta property=\"article:modified_time\" content=\"2024-01-04T14:29:30+00:00\" \/>\n<meta property=\"og:image\" content=\"https:\/\/isdi-ks.com\/wp-content\/uploads\/2024\/01\/cropped-colleagues-generating-business-ideas-1024x683.jpg\" \/>\n<meta name=\"twitter:card\" content=\"summary_large_image\" \/>\n<meta name=\"twitter:label1\" content=\"Est. reading time\" \/>\n\t<meta name=\"twitter:data1\" content=\"1 minute\" \/>\n<script type=\"application\/ld+json\" class=\"yoast-schema-graph\">{\"@context\":\"https:\/\/schema.org\",\"@graph\":[{\"@type\":\"WebPage\",\"@id\":\"https:\/\/isdi-ks.com\/index.php\/sq\/konsulence-profesionale\/\",\"url\":\"https:\/\/isdi-ks.com\/index.php\/sq\/konsulence-profesionale\/\",\"name\":\"KONSULENC\u00cb PROFESIONALE - Isdi\",\"isPartOf\":{\"@id\":\"https:\/\/isdi-ks.com\/#website\"},\"primaryImageOfPage\":{\"@id\":\"https:\/\/isdi-ks.com\/index.php\/sq\/konsulence-profesionale\/#primaryimage\"},\"image\":{\"@id\":\"https:\/\/isdi-ks.com\/index.php\/sq\/konsulence-profesionale\/#primaryimage\"},\"thumbnailUrl\":\"https:\/\/isdi-ks.com\/wp-content\/uploads\/2024\/01\/cropped-colleagues-generating-business-ideas-1024x683.jpg\",\"datePublished\":\"2024-01-04T11:20:44+00:00\",\"dateModified\":\"2024-01-04T14:29:30+00:00\",\"breadcrumb\":{\"@id\":\"https:\/\/isdi-ks.com\/index.php\/sq\/konsulence-profesionale\/#breadcrumb\"},\"inLanguage\":\"en-US\",\"potentialAction\":[{\"@type\":\"ReadAction\",\"target\":[\"https:\/\/isdi-ks.com\/index.php\/sq\/konsulence-profesionale\/\"]}]},{\"@type\":\"ImageObject\",\"inLanguage\":\"en-US\",\"@id\":\"https:\/\/isdi-ks.com\/index.php\/sq\/konsulence-profesionale\/#primaryimage\",\"url\":\"https:\/\/isdi-ks.com\/wp-content\/uploads\/2024\/01\/cropped-colleagues-generating-business-ideas-scaled.jpg\",\"contentUrl\":\"https:\/\/isdi-ks.com\/wp-content\/uploads\/2024\/01\/cropped-colleagues-generating-business-ideas-scaled.jpg\",\"width\":2560,\"height\":1709,\"caption\":\"Close-up image of coworkers discussing data on tablet computer screen\"},{\"@type\":\"BreadcrumbList\",\"@id\":\"https:\/\/isdi-ks.com\/index.php\/sq\/konsulence-profesionale\/#breadcrumb\",\"itemListElement\":[{\"@type\":\"ListItem\",\"position\":1,\"name\":\"Home\",\"item\":\"https:\/\/isdi-ks.com\/index.php\/sq\/home-4\/\"},{\"@type\":\"ListItem\",\"position\":2,\"name\":\"KONSULENC\u00cb PROFESIONALE\"}]},{\"@type\":\"WebSite\",\"@id\":\"https:\/\/isdi-ks.com\/#website\",\"url\":\"https:\/\/isdi-ks.com\/\",\"name\":\"Instituti ISDI\",\"description\":\"Instituti ISDI\",\"publisher\":{\"@id\":\"https:\/\/isdi-ks.com\/#organization\"},\"potentialAction\":[{\"@type\":\"SearchAction\",\"target\":{\"@type\":\"EntryPoint\",\"urlTemplate\":\"https:\/\/isdi-ks.com\/?s={search_term_string}\"},\"query-input\":{\"@type\":\"PropertyValueSpecification\",\"valueRequired\":true,\"valueName\":\"search_term_string\"}}],\"inLanguage\":\"en-US\"},{\"@type\":\"Organization\",\"@id\":\"https:\/\/isdi-ks.com\/#organization\",\"name\":\"Instituti ISDI\",\"url\":\"https:\/\/isdi-ks.com\/\",\"logo\":{\"@type\":\"ImageObject\",\"inLanguage\":\"en-US\",\"@id\":\"https:\/\/isdi-ks.com\/#\/schema\/logo\/image\/\",\"url\":\"https:\/\/isdi-ks.com\/wp-content\/uploads\/2024\/01\/image_6487327-2.png\",\"contentUrl\":\"https:\/\/isdi-ks.com\/wp-content\/uploads\/2024\/01\/image_6487327-2.png\",\"width\":733,\"height\":470,\"caption\":\"Instituti ISDI\"},\"image\":{\"@id\":\"https:\/\/isdi-ks.com\/#\/schema\/logo\/image\/\"}}]}<\/script>\n<!-- \/ Yoast SEO plugin. -->","yoast_head_json":{"title":"KONSULENC\u00cb PROFESIONALE - Isdi","robots":{"index":"index","follow":"follow","max-snippet":"max-snippet:-1","max-image-preview":"max-image-preview:large","max-video-preview":"max-video-preview:-1"},"canonical":"https:\/\/isdi-ks.com\/index.php\/sq\/konsulence-profesionale\/","og_locale":"en_US","og_type":"article","og_title":"KONSULENC\u00cb PROFESIONALE - Isdi","og_description":"Instituti i Sociologjis\u00eb, K\u00ebrkimeve Demografike dhe Inovacionit Konsulenc\u00eb profesionale Konsulenc\u00eb profesionale ISDI ofron konsulenc\u00eb profesionale n\u00eb fush\u00ebn e zhvillimit social, edukimit, teknologjis\u00eb s\u00eb informacionit, planifikimit hap\u00ebsinor, mjedisit, zhvillimit t\u00eb q\u00ebndruesh\u00ebm, [&hellip;]","og_url":"https:\/\/isdi-ks.com\/index.php\/sq\/konsulence-profesionale\/","og_site_name":"Isdi","article_modified_time":"2024-01-04T14:29:30+00:00","og_image":[{"url":"https:\/\/isdi-ks.com\/wp-content\/uploads\/2024\/01\/cropped-colleagues-generating-business-ideas-1024x683.jpg","type":"","width":"","height":""}],"twitter_card":"summary_large_image","twitter_misc":{"Est. reading time":"1 minute"},"schema":{"@context":"https:\/\/schema.org","@graph":[{"@type":"WebPage","@id":"https:\/\/isdi-ks.com\/index.php\/sq\/konsulence-profesionale\/","url":"https:\/\/isdi-ks.com\/index.php\/sq\/konsulence-profesionale\/","name":"KONSULENC\u00cb PROFESIONALE - Isdi","isPartOf":{"@id":"https:\/\/isdi-ks.com\/#website"},"primaryImageOfPage":{"@id":"https:\/\/isdi-ks.com\/index.php\/sq\/konsulence-profesionale\/#primaryimage"},"image":{"@id":"https:\/\/isdi-ks.com\/index.php\/sq\/konsulence-profesionale\/#primaryimage"},"thumbnailUrl":"https:\/\/isdi-ks.com\/wp-content\/uploads\/2024\/01\/cropped-colleagues-generating-business-ideas-1024x683.jpg","datePublished":"2024-01-04T11:20:44+00:00","dateModified":"2024-01-04T14:29:30+00:00","breadcrumb":{"@id":"https:\/\/isdi-ks.com\/index.php\/sq\/konsulence-profesionale\/#breadcrumb"},"inLanguage":"en-US","potentialAction":[{"@type":"ReadAction","target":["https:\/\/isdi-ks.com\/index.php\/sq\/konsulence-profesionale\/"]}]},{"@type":"ImageObject","inLanguage":"en-US","@id":"https:\/\/isdi-ks.com\/index.php\/sq\/konsulence-profesionale\/#primaryimage","url":"https:\/\/isdi-ks.com\/wp-content\/uploads\/2024\/01\/cropped-colleagues-generating-business-ideas-scaled.jpg","contentUrl":"https:\/\/isdi-ks.com\/wp-content\/uploads\/2024\/01\/cropped-colleagues-generating-business-ideas-scaled.jpg","width":2560,"height":1709,"caption":"Close-up image of coworkers discussing data on tablet computer screen"},{"@type":"BreadcrumbList","@id":"https:\/\/isdi-ks.com\/index.php\/sq\/konsulence-profesionale\/#breadcrumb","itemListElement":[{"@type":"ListItem","position":1,"name":"Home","item":"https:\/\/isdi-ks.com\/index.php\/sq\/home-4\/"},{"@type":"ListItem","position":2,"name":"KONSULENC\u00cb PROFESIONALE"}]},{"@type":"WebSite","@id":"https:\/\/isdi-ks.com\/#website","url":"https:\/\/isdi-ks.com\/","name":"Instituti ISDI","description":"Instituti ISDI","publisher":{"@id":"https:\/\/isdi-ks.com\/#organization"},"potentialAction":[{"@type":"SearchAction","target":{"@type":"EntryPoint","urlTemplate":"https:\/\/isdi-ks.com\/?s={search_term_string}"},"query-input":{"@type":"PropertyValueSpecification","valueRequired":true,"valueName":"search_term_string"}}],"inLanguage":"en-US"},{"@type":"Organization","@id":"https:\/\/isdi-ks.com\/#organization","name":"Instituti ISDI","url":"https:\/\/isdi-ks.com\/","logo":{"@type":"ImageObject","inLanguage":"en-US","@id":"https:\/\/isdi-ks.com\/#\/schema\/logo\/image\/","url":"https:\/\/isdi-ks.com\/wp-content\/uploads\/2024\/01\/image_6487327-2.png","contentUrl":"https:\/\/isdi-ks.com\/wp-content\/uploads\/2024\/01\/image_6487327-2.png","width":733,"height":470,"caption":"Instituti ISDI"},"image":{"@id":"https:\/\/isdi-ks.com\/#\/schema\/logo\/image\/"}}]}},"_links":{"self":[{"href":"https:\/\/isdi-ks.com\/index.php\/wp-json\/wp\/v2\/pages\/1113","targetHints":{"allow":["GET"]}}],"collection":[{"href":"https:\/\/isdi-ks.com\/index.php\/wp-json\/wp\/v2\/pages"}],"about":[{"href":"https:\/\/isdi-ks.com\/index.php\/wp-json\/wp\/v2\/types\/page"}],"author":[{"embeddable":true,"href":"https:\/\/isdi-ks.com\/index.php\/wp-json\/wp\/v2\/users\/1"}],"replies":[{"embeddable":true,"href":"https:\/\/isdi-ks.com\/index.php\/wp-json\/wp\/v2\/comments?post=1113"}],"version-history":[{"count":0,"href":"https:\/\/isdi-ks.com\/index.php\/wp-json\/wp\/v2\/pages\/1113\/revisions"}],"wp:attachment":[{"href":"https:\/\/isdi-ks.com\/index.php\/wp-json\/wp\/v2\/media?parent=1113"}],"curies":[{"name":"wp","href":"https:\/\/api.w.org\/{rel}","templated":true}]}}