{"id":1104,"date":"2024-01-04T11:18:33","date_gmt":"2024-01-04T11:18:33","guid":{"rendered":"https:\/\/isdi-ks.com\/?page_id=1104"},"modified":"2024-01-04T12:17:08","modified_gmt":"2024-01-04T12:17:08","slug":"ofrim-te-sherbimeve-ne-ngritjen-e-kapaciteteve-institucionale","status":"publish","type":"page","link":"https:\/\/isdi-ks.com\/index.php\/sq\/ofrim-te-sherbimeve-ne-ngritjen-e-kapaciteteve-institucionale\/","title":{"rendered":"Ofrim t\u00eb sh\u00ebrbimeve n\u00eb ngritjen e kapaciteteve institucionale"},"content":{"rendered":"\t\t<div data-elementor-type=\"wp-page\" data-elementor-id=\"1104\" class=\"elementor elementor-1104\" data-elementor-post-type=\"page\">\n\t\t\t\t\t\t<section class=\"elementor-section elementor-top-section elementor-element elementor-element-2ea15242 elementor-section-full_width elementor-section-height-default elementor-section-height-default\" data-id=\"2ea15242\" data-element_type=\"section\" data-settings=\"{&quot;background_slideshow_transition_duration&quot;:1200,&quot;background_background&quot;:&quot;slideshow&quot;,&quot;background_slideshow_gallery&quot;:[{&quot;id&quot;:1097,&quot;url&quot;:&quot;https:\\\/\\\/isdi-ks.com\\\/wp-content\\\/uploads\\\/2024\\\/01\\\/team-architects-building-site-scaled.jpg&quot;},{&quot;id&quot;:1098,&quot;url&quot;:&quot;https:\\\/\\\/isdi-ks.com\\\/wp-content\\\/uploads\\\/2024\\\/01\\\/corporate-connected-teamwork-perforated-paper-gear-scaled.jpg&quot;}],&quot;background_slideshow_ken_burns&quot;:&quot;yes&quot;,&quot;background_slideshow_ken_burns_zoom_direction&quot;:&quot;out&quot;,&quot;background_slideshow_slide_duration&quot;:5000,&quot;background_slideshow_slide_transition&quot;:&quot;fade&quot;}\">\n\t\t\t\t\t\t\t<div class=\"elementor-background-overlay\"><\/div>\n\t\t\t\t\t\t\t<div class=\"elementor-container elementor-column-gap-default\">\n\t\t\t\t\t<div class=\"elementor-column elementor-col-100 elementor-top-column elementor-element elementor-element-6984daa4\" data-id=\"6984daa4\" data-element_type=\"column\">\n\t\t\t<div class=\"elementor-widget-wrap elementor-element-populated\">\n\t\t\t\t\t\t<div class=\"elementor-element elementor-element-26104c64 elementor-widget__width-initial elementor-widget elementor-widget-gva-heading-block\" data-id=\"26104c64\" data-element_type=\"widget\" data-widget_type=\"gva-heading-block.default\">\n\t\t\t\t<div class=\"elementor-widget-container\">\n\t\t\t\t\t<div class=\"gva-element-gva-heading-block gva-element\">   <div class=\"align-center style-1 widget gsc-heading box-align-left auto-responsive\">\r\n      <div class=\"content-inner\">\r\n         \r\n                  \r\n           \r\n         \r\n                     <h2 class=\"title\">\r\n               <span>Instituti i Sociologjis\u00eb, K\u00ebrkimeve  Demografike dhe Inovacionit <\/span>\r\n            <\/h2>\r\n                  \r\n         \r\n         \r\n      <\/div>\r\n   <\/div>\r\n<\/div>\t\t\t\t<\/div>\n\t\t\t\t<\/div>\n\t\t\t\t<div class=\"elementor-element elementor-element-60345bd5 elementor-widget elementor-widget-html\" data-id=\"60345bd5\" data-element_type=\"widget\" data-widget_type=\"html.default\">\n\t\t\t\t<div class=\"elementor-widget-container\">\n\t\t\t\t\t<div class=\"text-with-arrow\">\n    <span class=\"text\">Ofrim t\u00eb sh\u00ebrbimeve n\u00eb ngritjen e kapaciteteve institucionale\n    <\/span>\n<\/div>\t\t\t\t<\/div>\n\t\t\t\t<\/div>\n\t\t\t\t\t<\/div>\n\t\t<\/div>\n\t\t\t\t\t<\/div>\n\t\t<\/section>\n\t\t<div class=\"elementor-element elementor-element-8e5c9ef e-flex e-con-boxed e-con e-parent\" data-id=\"8e5c9ef\" data-element_type=\"container\">\n\t\t\t\t\t<div class=\"e-con-inner\">\n\t\t<div class=\"elementor-element elementor-element-69ce0ba e-con-full e-flex e-con e-child\" data-id=\"69ce0ba\" data-element_type=\"container\">\n\t\t\t\t<div class=\"elementor-element elementor-element-e3a1e80 elementor-widget elementor-widget-image\" data-id=\"e3a1e80\" data-element_type=\"widget\" data-widget_type=\"image.default\">\n\t\t\t\t<div class=\"elementor-widget-container\">\n\t\t\t\t\t\t\t\t\t\t\t\t\t\t\t<img fetchpriority=\"high\" decoding=\"async\" width=\"900\" height=\"600\" src=\"https:\/\/isdi-ks.com\/wp-content\/uploads\/2024\/01\/team-architects-building-site-1024x683.jpg\" class=\"attachment-large size-large wp-image-1097\" alt=\"\" srcset=\"https:\/\/isdi-ks.com\/wp-content\/uploads\/2024\/01\/team-architects-building-site-1024x683.jpg 1024w, https:\/\/isdi-ks.com\/wp-content\/uploads\/2024\/01\/team-architects-building-site-768x512.jpg 768w, https:\/\/isdi-ks.com\/wp-content\/uploads\/2024\/01\/team-architects-building-site-600x400.jpg 600w\" sizes=\"(max-width: 900px) 100vw, 900px\" \/>\t\t\t\t\t\t\t\t\t\t\t\t\t\t\t<\/div>\n\t\t\t\t<\/div>\n\t\t\t\t<\/div>\n\t\t<div class=\"elementor-element elementor-element-6b1f9d1 e-con-full e-flex e-con e-child\" data-id=\"6b1f9d1\" data-element_type=\"container\">\n\t\t\t\t<div class=\"elementor-element elementor-element-1d59e02 elementor-widget elementor-widget-heading\" data-id=\"1d59e02\" data-element_type=\"widget\" data-widget_type=\"heading.default\">\n\t\t\t\t<div class=\"elementor-widget-container\">\n\t\t\t\t\t<h2 class=\"elementor-heading-title elementor-size-default\">Ofrim t\u00eb sh\u00ebrbimeve n\u00eb ngritjen e kapaciteteve institucionale<\/h2>\t\t\t\t<\/div>\n\t\t\t\t<\/div>\n\t\t\t\t<div class=\"elementor-element elementor-element-bdeb156 elementor-widget elementor-widget-text-editor\" data-id=\"bdeb156\" data-element_type=\"widget\" data-widget_type=\"text-editor.default\">\n\t\t\t\t<div class=\"elementor-widget-container\">\n\t\t\t\t\t\t\t\t\t<p>Ofron sh\u00ebrbime n\u00eb ngritjen e kapaciteteve institucionale n\u00eb fush\u00ebn e zhvillimit social, edukimit, teknologjis\u00eb, planifikimit, mjedisit, zhvillimit t\u00eb q\u00ebndruesh\u00ebm, ofrimit t\u00eb sh\u00ebrbimeve sociale, dhe fushave t\u00eb ngjashme. Kjo p\u00ebrpjekje ka p\u00ebr q\u00ebllim t\u00eb ndikoj\u00eb n\u00eb p\u00ebrmir\u00ebsimin e politikave publike, duke synuar p\u00ebrmir\u00ebsimin e mireqenies s\u00eb komunitetit. Trajnime dhe k\u00ebshillime t\u00eb specializuara ofrohen me q\u00ebllim t\u00eb avancimit t\u00eb sektor\u00ebve t\u00eb ndrysh\u00ebm dhe krijimit t\u00eb nj\u00eb impakti pozitiv n\u00eb politikat dhe praktikat q\u00eb ndikojn\u00eb n\u00eb jet\u00ebn dhe mireqenien e komunitetit.<\/p>\t\t\t\t\t\t\t\t<\/div>\n\t\t\t\t<\/div>\n\t\t\t\t<\/div>\n\t\t\t\t\t<\/div>\n\t\t\t\t<\/div>\n\t\t\t\t<\/div>\n\t\t","protected":false},"excerpt":{"rendered":"<p>Instituti i Sociologjis\u00eb, K\u00ebrkimeve Demografike dhe Inovacionit Ofrim t\u00eb sh\u00ebrbimeve n\u00eb ngritjen e kapaciteteve institucionale Ofrim t\u00eb sh\u00ebrbimeve n\u00eb ngritjen e kapaciteteve institucionale Ofron sh\u00ebrbime n\u00eb ngritjen e kapaciteteve institucionale [&hellip;]<\/p>\n","protected":false},"author":1,"featured_media":0,"parent":0,"menu_order":0,"comment_status":"closed","ping_status":"closed","template":"","meta":{"footnotes":""},"class_list":["post-1104","page","type-page","status-publish","hentry"],"yoast_head":"<!-- This site is optimized with the Yoast SEO plugin v24.3 - https:\/\/yoast.com\/wordpress\/plugins\/seo\/ -->\n<title>Ofrim t\u00eb sh\u00ebrbimeve n\u00eb ngritjen e kapaciteteve institucionale - Isdi<\/title>\n<meta name=\"robots\" content=\"index, follow, max-snippet:-1, max-image-preview:large, max-video-preview:-1\" \/>\n<link rel=\"canonical\" href=\"https:\/\/isdi-ks.com\/index.php\/sq\/ofrim-te-sherbimeve-ne-ngritjen-e-kapaciteteve-institucionale\/\" \/>\n<meta property=\"og:locale\" content=\"en_US\" \/>\n<meta property=\"og:type\" content=\"article\" \/>\n<meta property=\"og:title\" content=\"Ofrim t\u00eb sh\u00ebrbimeve n\u00eb ngritjen e kapaciteteve institucionale - Isdi\" \/>\n<meta property=\"og:description\" content=\"Instituti i Sociologjis\u00eb, K\u00ebrkimeve Demografike dhe Inovacionit Ofrim t\u00eb sh\u00ebrbimeve n\u00eb ngritjen e kapaciteteve institucionale Ofrim t\u00eb sh\u00ebrbimeve n\u00eb ngritjen e kapaciteteve institucionale Ofron sh\u00ebrbime n\u00eb ngritjen e kapaciteteve institucionale [&hellip;]\" \/>\n<meta property=\"og:url\" content=\"https:\/\/isdi-ks.com\/index.php\/sq\/ofrim-te-sherbimeve-ne-ngritjen-e-kapaciteteve-institucionale\/\" \/>\n<meta property=\"og:site_name\" content=\"Isdi\" \/>\n<meta property=\"article:modified_time\" content=\"2024-01-04T12:17:08+00:00\" \/>\n<meta property=\"og:image\" content=\"https:\/\/isdi-ks.com\/wp-content\/uploads\/2024\/01\/team-architects-building-site-1024x683.jpg\" \/>\n<meta name=\"twitter:card\" content=\"summary_large_image\" \/>\n<meta name=\"twitter:label1\" content=\"Est. reading time\" \/>\n\t<meta name=\"twitter:data1\" content=\"1 minute\" \/>\n<script type=\"application\/ld+json\" class=\"yoast-schema-graph\">{\"@context\":\"https:\/\/schema.org\",\"@graph\":[{\"@type\":\"WebPage\",\"@id\":\"https:\/\/isdi-ks.com\/index.php\/sq\/ofrim-te-sherbimeve-ne-ngritjen-e-kapaciteteve-institucionale\/\",\"url\":\"https:\/\/isdi-ks.com\/index.php\/sq\/ofrim-te-sherbimeve-ne-ngritjen-e-kapaciteteve-institucionale\/\",\"name\":\"Ofrim t\u00eb sh\u00ebrbimeve n\u00eb ngritjen e kapaciteteve institucionale - Isdi\",\"isPartOf\":{\"@id\":\"https:\/\/isdi-ks.com\/#website\"},\"primaryImageOfPage\":{\"@id\":\"https:\/\/isdi-ks.com\/index.php\/sq\/ofrim-te-sherbimeve-ne-ngritjen-e-kapaciteteve-institucionale\/#primaryimage\"},\"image\":{\"@id\":\"https:\/\/isdi-ks.com\/index.php\/sq\/ofrim-te-sherbimeve-ne-ngritjen-e-kapaciteteve-institucionale\/#primaryimage\"},\"thumbnailUrl\":\"https:\/\/isdi-ks.com\/wp-content\/uploads\/2024\/01\/team-architects-building-site-1024x683.jpg\",\"datePublished\":\"2024-01-04T11:18:33+00:00\",\"dateModified\":\"2024-01-04T12:17:08+00:00\",\"breadcrumb\":{\"@id\":\"https:\/\/isdi-ks.com\/index.php\/sq\/ofrim-te-sherbimeve-ne-ngritjen-e-kapaciteteve-institucionale\/#breadcrumb\"},\"inLanguage\":\"en-US\",\"potentialAction\":[{\"@type\":\"ReadAction\",\"target\":[\"https:\/\/isdi-ks.com\/index.php\/sq\/ofrim-te-sherbimeve-ne-ngritjen-e-kapaciteteve-institucionale\/\"]}]},{\"@type\":\"ImageObject\",\"inLanguage\":\"en-US\",\"@id\":\"https:\/\/isdi-ks.com\/index.php\/sq\/ofrim-te-sherbimeve-ne-ngritjen-e-kapaciteteve-institucionale\/#primaryimage\",\"url\":\"https:\/\/isdi-ks.com\/wp-content\/uploads\/2024\/01\/team-architects-building-site-scaled.jpg\",\"contentUrl\":\"https:\/\/isdi-ks.com\/wp-content\/uploads\/2024\/01\/team-architects-building-site-scaled.jpg\",\"width\":2560,\"height\":1707},{\"@type\":\"BreadcrumbList\",\"@id\":\"https:\/\/isdi-ks.com\/index.php\/sq\/ofrim-te-sherbimeve-ne-ngritjen-e-kapaciteteve-institucionale\/#breadcrumb\",\"itemListElement\":[{\"@type\":\"ListItem\",\"position\":1,\"name\":\"Home\",\"item\":\"https:\/\/isdi-ks.com\/index.php\/sq\/home-4\/\"},{\"@type\":\"ListItem\",\"position\":2,\"name\":\"Ofrim t\u00eb sh\u00ebrbimeve n\u00eb ngritjen e kapaciteteve institucionale\"}]},{\"@type\":\"WebSite\",\"@id\":\"https:\/\/isdi-ks.com\/#website\",\"url\":\"https:\/\/isdi-ks.com\/\",\"name\":\"Instituti ISDI\",\"description\":\"Instituti ISDI\",\"publisher\":{\"@id\":\"https:\/\/isdi-ks.com\/#organization\"},\"potentialAction\":[{\"@type\":\"SearchAction\",\"target\":{\"@type\":\"EntryPoint\",\"urlTemplate\":\"https:\/\/isdi-ks.com\/?s={search_term_string}\"},\"query-input\":{\"@type\":\"PropertyValueSpecification\",\"valueRequired\":true,\"valueName\":\"search_term_string\"}}],\"inLanguage\":\"en-US\"},{\"@type\":\"Organization\",\"@id\":\"https:\/\/isdi-ks.com\/#organization\",\"name\":\"Instituti ISDI\",\"url\":\"https:\/\/isdi-ks.com\/\",\"logo\":{\"@type\":\"ImageObject\",\"inLanguage\":\"en-US\",\"@id\":\"https:\/\/isdi-ks.com\/#\/schema\/logo\/image\/\",\"url\":\"https:\/\/isdi-ks.com\/wp-content\/uploads\/2024\/01\/image_6487327-2.png\",\"contentUrl\":\"https:\/\/isdi-ks.com\/wp-content\/uploads\/2024\/01\/image_6487327-2.png\",\"width\":733,\"height\":470,\"caption\":\"Instituti ISDI\"},\"image\":{\"@id\":\"https:\/\/isdi-ks.com\/#\/schema\/logo\/image\/\"}}]}<\/script>\n<!-- \/ Yoast SEO plugin. -->","yoast_head_json":{"title":"Ofrim t\u00eb sh\u00ebrbimeve n\u00eb ngritjen e kapaciteteve institucionale - Isdi","robots":{"index":"index","follow":"follow","max-snippet":"max-snippet:-1","max-image-preview":"max-image-preview:large","max-video-preview":"max-video-preview:-1"},"canonical":"https:\/\/isdi-ks.com\/index.php\/sq\/ofrim-te-sherbimeve-ne-ngritjen-e-kapaciteteve-institucionale\/","og_locale":"en_US","og_type":"article","og_title":"Ofrim t\u00eb sh\u00ebrbimeve n\u00eb ngritjen e kapaciteteve institucionale - Isdi","og_description":"Instituti i Sociologjis\u00eb, K\u00ebrkimeve Demografike dhe Inovacionit Ofrim t\u00eb sh\u00ebrbimeve n\u00eb ngritjen e kapaciteteve institucionale Ofrim t\u00eb sh\u00ebrbimeve n\u00eb ngritjen e kapaciteteve institucionale Ofron sh\u00ebrbime n\u00eb ngritjen e kapaciteteve institucionale [&hellip;]","og_url":"https:\/\/isdi-ks.com\/index.php\/sq\/ofrim-te-sherbimeve-ne-ngritjen-e-kapaciteteve-institucionale\/","og_site_name":"Isdi","article_modified_time":"2024-01-04T12:17:08+00:00","og_image":[{"url":"https:\/\/isdi-ks.com\/wp-content\/uploads\/2024\/01\/team-architects-building-site-1024x683.jpg","type":"","width":"","height":""}],"twitter_card":"summary_large_image","twitter_misc":{"Est. reading time":"1 minute"},"schema":{"@context":"https:\/\/schema.org","@graph":[{"@type":"WebPage","@id":"https:\/\/isdi-ks.com\/index.php\/sq\/ofrim-te-sherbimeve-ne-ngritjen-e-kapaciteteve-institucionale\/","url":"https:\/\/isdi-ks.com\/index.php\/sq\/ofrim-te-sherbimeve-ne-ngritjen-e-kapaciteteve-institucionale\/","name":"Ofrim t\u00eb sh\u00ebrbimeve n\u00eb ngritjen e kapaciteteve institucionale - Isdi","isPartOf":{"@id":"https:\/\/isdi-ks.com\/#website"},"primaryImageOfPage":{"@id":"https:\/\/isdi-ks.com\/index.php\/sq\/ofrim-te-sherbimeve-ne-ngritjen-e-kapaciteteve-institucionale\/#primaryimage"},"image":{"@id":"https:\/\/isdi-ks.com\/index.php\/sq\/ofrim-te-sherbimeve-ne-ngritjen-e-kapaciteteve-institucionale\/#primaryimage"},"thumbnailUrl":"https:\/\/isdi-ks.com\/wp-content\/uploads\/2024\/01\/team-architects-building-site-1024x683.jpg","datePublished":"2024-01-04T11:18:33+00:00","dateModified":"2024-01-04T12:17:08+00:00","breadcrumb":{"@id":"https:\/\/isdi-ks.com\/index.php\/sq\/ofrim-te-sherbimeve-ne-ngritjen-e-kapaciteteve-institucionale\/#breadcrumb"},"inLanguage":"en-US","potentialAction":[{"@type":"ReadAction","target":["https:\/\/isdi-ks.com\/index.php\/sq\/ofrim-te-sherbimeve-ne-ngritjen-e-kapaciteteve-institucionale\/"]}]},{"@type":"ImageObject","inLanguage":"en-US","@id":"https:\/\/isdi-ks.com\/index.php\/sq\/ofrim-te-sherbimeve-ne-ngritjen-e-kapaciteteve-institucionale\/#primaryimage","url":"https:\/\/isdi-ks.com\/wp-content\/uploads\/2024\/01\/team-architects-building-site-scaled.jpg","contentUrl":"https:\/\/isdi-ks.com\/wp-content\/uploads\/2024\/01\/team-architects-building-site-scaled.jpg","width":2560,"height":1707},{"@type":"BreadcrumbList","@id":"https:\/\/isdi-ks.com\/index.php\/sq\/ofrim-te-sherbimeve-ne-ngritjen-e-kapaciteteve-institucionale\/#breadcrumb","itemListElement":[{"@type":"ListItem","position":1,"name":"Home","item":"https:\/\/isdi-ks.com\/index.php\/sq\/home-4\/"},{"@type":"ListItem","position":2,"name":"Ofrim t\u00eb sh\u00ebrbimeve n\u00eb ngritjen e kapaciteteve institucionale"}]},{"@type":"WebSite","@id":"https:\/\/isdi-ks.com\/#website","url":"https:\/\/isdi-ks.com\/","name":"Instituti ISDI","description":"Instituti ISDI","publisher":{"@id":"https:\/\/isdi-ks.com\/#organization"},"potentialAction":[{"@type":"SearchAction","target":{"@type":"EntryPoint","urlTemplate":"https:\/\/isdi-ks.com\/?s={search_term_string}"},"query-input":{"@type":"PropertyValueSpecification","valueRequired":true,"valueName":"search_term_string"}}],"inLanguage":"en-US"},{"@type":"Organization","@id":"https:\/\/isdi-ks.com\/#organization","name":"Instituti ISDI","url":"https:\/\/isdi-ks.com\/","logo":{"@type":"ImageObject","inLanguage":"en-US","@id":"https:\/\/isdi-ks.com\/#\/schema\/logo\/image\/","url":"https:\/\/isdi-ks.com\/wp-content\/uploads\/2024\/01\/image_6487327-2.png","contentUrl":"https:\/\/isdi-ks.com\/wp-content\/uploads\/2024\/01\/image_6487327-2.png","width":733,"height":470,"caption":"Instituti ISDI"},"image":{"@id":"https:\/\/isdi-ks.com\/#\/schema\/logo\/image\/"}}]}},"_links":{"self":[{"href":"https:\/\/isdi-ks.com\/index.php\/wp-json\/wp\/v2\/pages\/1104","targetHints":{"allow":["GET"]}}],"collection":[{"href":"https:\/\/isdi-ks.com\/index.php\/wp-json\/wp\/v2\/pages"}],"about":[{"href":"https:\/\/isdi-ks.com\/index.php\/wp-json\/wp\/v2\/types\/page"}],"author":[{"embeddable":true,"href":"https:\/\/isdi-ks.com\/index.php\/wp-json\/wp\/v2\/users\/1"}],"replies":[{"embeddable":true,"href":"https:\/\/isdi-ks.com\/index.php\/wp-json\/wp\/v2\/comments?post=1104"}],"version-history":[{"count":0,"href":"https:\/\/isdi-ks.com\/index.php\/wp-json\/wp\/v2\/pages\/1104\/revisions"}],"wp:attachment":[{"href":"https:\/\/isdi-ks.com\/index.php\/wp-json\/wp\/v2\/media?parent=1104"}],"curies":[{"name":"wp","href":"https:\/\/api.w.org\/{rel}","templated":true}]}}