{"id":1053,"date":"2024-01-04T09:28:27","date_gmt":"2024-01-04T09:28:27","guid":{"rendered":"https:\/\/isdi-ks.com\/?page_id=1053"},"modified":"2024-01-04T12:15:03","modified_gmt":"2024-01-04T12:15:03","slug":"hartimin-dhe-implementimin-e-projekteve-zhvillimore","status":"publish","type":"page","link":"https:\/\/isdi-ks.com\/index.php\/sq\/hartimin-dhe-implementimin-e-projekteve-zhvillimore\/","title":{"rendered":"Hartimin dhe implementimin e projekteve zhvillimore"},"content":{"rendered":"\t\t<div data-elementor-type=\"wp-page\" data-elementor-id=\"1053\" class=\"elementor elementor-1053\" data-elementor-post-type=\"page\">\n\t\t\t\t\t\t<section class=\"elementor-section elementor-top-section elementor-element elementor-element-160b56f6 elementor-section-full_width elementor-section-height-default elementor-section-height-default\" data-id=\"160b56f6\" data-element_type=\"section\" data-settings=\"{&quot;background_slideshow_transition_duration&quot;:1200,&quot;background_background&quot;:&quot;slideshow&quot;,&quot;background_slideshow_gallery&quot;:[{&quot;id&quot;:1056,&quot;url&quot;:&quot;https:\\\/\\\/isdi-ks.com\\\/wp-content\\\/uploads\\\/2024\\\/01\\\/architect-team-planning-hands-collaboration-blueprint-paper-strategy-building-designers-working-floor-plan-creative-workers-with-teamwork-architecture-design-corporate-work-table-scaled.jpg&quot;},{&quot;id&quot;:1060,&quot;url&quot;:&quot;https:\\\/\\\/isdi-ks.com\\\/wp-content\\\/uploads\\\/2024\\\/01\\\/crop-people-working-with-plans-tablet-scaled.jpg&quot;}],&quot;background_slideshow_ken_burns&quot;:&quot;yes&quot;,&quot;background_slideshow_ken_burns_zoom_direction&quot;:&quot;out&quot;,&quot;background_slideshow_loop&quot;:&quot;yes&quot;,&quot;background_slideshow_slide_duration&quot;:5000,&quot;background_slideshow_slide_transition&quot;:&quot;fade&quot;}\">\n\t\t\t\t\t\t\t<div class=\"elementor-background-overlay\"><\/div>\n\t\t\t\t\t\t\t<div class=\"elementor-container elementor-column-gap-default\">\n\t\t\t\t\t<div class=\"elementor-column elementor-col-100 elementor-top-column elementor-element elementor-element-506c62be\" data-id=\"506c62be\" data-element_type=\"column\">\n\t\t\t<div class=\"elementor-widget-wrap elementor-element-populated\">\n\t\t\t\t\t\t<div class=\"elementor-element elementor-element-5ebb816c elementor-widget__width-initial elementor-widget elementor-widget-gva-heading-block\" data-id=\"5ebb816c\" data-element_type=\"widget\" data-widget_type=\"gva-heading-block.default\">\n\t\t\t\t<div class=\"elementor-widget-container\">\n\t\t\t\t\t<div class=\"gva-element-gva-heading-block gva-element\">   <div class=\"align-center style-1 widget gsc-heading box-align-left auto-responsive\">\r\n      <div class=\"content-inner\">\r\n         \r\n                  \r\n           \r\n         \r\n                     <h2 class=\"title\">\r\n               <span>Instituti i Sociologjis\u00eb, K\u00ebrkimeve  Demografike dhe Inovacionit <\/span>\r\n            <\/h2>\r\n                  \r\n         \r\n         \r\n      <\/div>\r\n   <\/div>\r\n<\/div>\t\t\t\t<\/div>\n\t\t\t\t<\/div>\n\t\t\t\t<div class=\"elementor-element elementor-element-4ce88c76 elementor-widget elementor-widget-html\" data-id=\"4ce88c76\" data-element_type=\"widget\" data-widget_type=\"html.default\">\n\t\t\t\t<div class=\"elementor-widget-container\">\n\t\t\t\t\t<div class=\"text-with-arrow\">\n    <span class=\"text\"> \tHartimin dhe implementimin e projekteve zhvillimore\n    <\/span>\n<\/div>\t\t\t\t<\/div>\n\t\t\t\t<\/div>\n\t\t\t\t\t<\/div>\n\t\t<\/div>\n\t\t\t\t\t<\/div>\n\t\t<\/section>\n\t\t<div class=\"elementor-element elementor-element-28e4c7e e-flex e-con-boxed e-con e-parent\" data-id=\"28e4c7e\" data-element_type=\"container\">\n\t\t\t\t\t<div class=\"e-con-inner\">\n\t\t<div class=\"elementor-element elementor-element-6a74c5d e-con-full e-flex e-con e-child\" data-id=\"6a74c5d\" data-element_type=\"container\">\n\t\t\t\t<div class=\"elementor-element elementor-element-c517d56 elementor-widget elementor-widget-image\" data-id=\"c517d56\" data-element_type=\"widget\" data-widget_type=\"image.default\">\n\t\t\t\t<div class=\"elementor-widget-container\">\n\t\t\t\t\t\t\t\t\t\t\t\t\t\t\t<img fetchpriority=\"high\" decoding=\"async\" width=\"900\" height=\"600\" src=\"https:\/\/isdi-ks.com\/wp-content\/uploads\/2024\/01\/crop-people-working-with-plans-tablet-1024x683.jpg\" class=\"attachment-large size-large wp-image-1060\" alt=\"\" srcset=\"https:\/\/isdi-ks.com\/wp-content\/uploads\/2024\/01\/crop-people-working-with-plans-tablet-1024x683.jpg 1024w, https:\/\/isdi-ks.com\/wp-content\/uploads\/2024\/01\/crop-people-working-with-plans-tablet-768x512.jpg 768w, https:\/\/isdi-ks.com\/wp-content\/uploads\/2024\/01\/crop-people-working-with-plans-tablet-600x400.jpg 600w\" sizes=\"(max-width: 900px) 100vw, 900px\" \/>\t\t\t\t\t\t\t\t\t\t\t\t\t\t\t<\/div>\n\t\t\t\t<\/div>\n\t\t\t\t<\/div>\n\t\t<div class=\"elementor-element elementor-element-b2f791e e-con-full e-flex e-con e-child\" data-id=\"b2f791e\" data-element_type=\"container\">\n\t\t\t\t<div class=\"elementor-element elementor-element-9ea770d elementor-widget elementor-widget-heading\" data-id=\"9ea770d\" data-element_type=\"widget\" data-widget_type=\"heading.default\">\n\t\t\t\t<div class=\"elementor-widget-container\">\n\t\t\t\t\t<h2 class=\"elementor-heading-title elementor-size-default\">Hartimin dhe implementimin e projekteve zhvillimore<\/h2>\t\t\t\t<\/div>\n\t\t\t\t<\/div>\n\t\t\t\t<div class=\"elementor-element elementor-element-5624b91 elementor-widget elementor-widget-text-editor\" data-id=\"5624b91\" data-element_type=\"widget\" data-widget_type=\"text-editor.default\">\n\t\t\t\t<div class=\"elementor-widget-container\">\n\t\t\t\t\t\t\t\t\t<p>\u00cbsht\u00eb i specializuar n\u00eb hartimin dhe implementimin e projekteve zhvillimore n\u00eb nj\u00eb gam\u00eb t\u00eb gjer\u00eb sektor\u00ebsh, p\u00ebrfshir\u00eb zhvillimin social, arsimin, sh\u00ebndet\u00ebsin\u00eb, edukimin e hersh\u00ebm, planifikimin dhe zhvillimin e q\u00ebndruesh\u00ebm, si dhe \u00e7\u00ebshtjet e planifikimit familjar, politikat popullative dhe mjedisore. P\u00ebrmes k\u00ebsaj, kontribuon\u00eb n\u00eb avancimin e shoq\u00ebris\u00eb n\u00eb aspekte t\u00eb ndryshme, duke ndihmuar n\u00eb t\u00eb ardhmen e q\u00ebndrueshme dhe p\u00ebrmir\u00ebsimin e kualitetit t\u00eb jet\u00ebs s\u00eb qytetar\u00ebve.<\/p>\t\t\t\t\t\t\t\t<\/div>\n\t\t\t\t<\/div>\n\t\t\t\t<\/div>\n\t\t\t\t\t<\/div>\n\t\t\t\t<\/div>\n\t\t\t\t<\/div>\n\t\t","protected":false},"excerpt":{"rendered":"<p>Instituti i Sociologjis\u00eb, K\u00ebrkimeve Demografike dhe Inovacionit Hartimin dhe implementimin e projekteve zhvillimore Hartimin dhe implementimin e projekteve zhvillimore \u00cbsht\u00eb i specializuar n\u00eb hartimin dhe implementimin e projekteve zhvillimore n\u00eb [&hellip;]<\/p>\n","protected":false},"author":1,"featured_media":0,"parent":0,"menu_order":0,"comment_status":"closed","ping_status":"closed","template":"","meta":{"footnotes":""},"class_list":["post-1053","page","type-page","status-publish","hentry"],"yoast_head":"<!-- This site is optimized with the Yoast SEO plugin v24.3 - https:\/\/yoast.com\/wordpress\/plugins\/seo\/ -->\n<title>Hartimin dhe implementimin e projekteve zhvillimore - Isdi<\/title>\n<meta name=\"robots\" content=\"index, follow, max-snippet:-1, max-image-preview:large, max-video-preview:-1\" \/>\n<link rel=\"canonical\" href=\"https:\/\/isdi-ks.com\/index.php\/sq\/hartimin-dhe-implementimin-e-projekteve-zhvillimore\/\" \/>\n<meta property=\"og:locale\" content=\"en_US\" \/>\n<meta property=\"og:type\" content=\"article\" \/>\n<meta property=\"og:title\" content=\"Hartimin dhe implementimin e projekteve zhvillimore - Isdi\" \/>\n<meta property=\"og:description\" content=\"Instituti i Sociologjis\u00eb, K\u00ebrkimeve Demografike dhe Inovacionit Hartimin dhe implementimin e projekteve zhvillimore Hartimin dhe implementimin e projekteve zhvillimore \u00cbsht\u00eb i specializuar n\u00eb hartimin dhe implementimin e projekteve zhvillimore n\u00eb [&hellip;]\" \/>\n<meta property=\"og:url\" content=\"https:\/\/isdi-ks.com\/index.php\/sq\/hartimin-dhe-implementimin-e-projekteve-zhvillimore\/\" \/>\n<meta property=\"og:site_name\" content=\"Isdi\" \/>\n<meta property=\"article:modified_time\" content=\"2024-01-04T12:15:03+00:00\" \/>\n<meta property=\"og:image\" content=\"https:\/\/isdi-ks.com\/wp-content\/uploads\/2024\/01\/crop-people-working-with-plans-tablet-1024x683.jpg\" \/>\n<meta name=\"twitter:card\" content=\"summary_large_image\" \/>\n<meta name=\"twitter:label1\" content=\"Est. reading time\" \/>\n\t<meta name=\"twitter:data1\" content=\"1 minute\" \/>\n<script type=\"application\/ld+json\" class=\"yoast-schema-graph\">{\"@context\":\"https:\/\/schema.org\",\"@graph\":[{\"@type\":\"WebPage\",\"@id\":\"https:\/\/isdi-ks.com\/index.php\/sq\/hartimin-dhe-implementimin-e-projekteve-zhvillimore\/\",\"url\":\"https:\/\/isdi-ks.com\/index.php\/sq\/hartimin-dhe-implementimin-e-projekteve-zhvillimore\/\",\"name\":\"Hartimin dhe implementimin e projekteve zhvillimore - Isdi\",\"isPartOf\":{\"@id\":\"https:\/\/isdi-ks.com\/#website\"},\"primaryImageOfPage\":{\"@id\":\"https:\/\/isdi-ks.com\/index.php\/sq\/hartimin-dhe-implementimin-e-projekteve-zhvillimore\/#primaryimage\"},\"image\":{\"@id\":\"https:\/\/isdi-ks.com\/index.php\/sq\/hartimin-dhe-implementimin-e-projekteve-zhvillimore\/#primaryimage\"},\"thumbnailUrl\":\"https:\/\/isdi-ks.com\/wp-content\/uploads\/2024\/01\/crop-people-working-with-plans-tablet-1024x683.jpg\",\"datePublished\":\"2024-01-04T09:28:27+00:00\",\"dateModified\":\"2024-01-04T12:15:03+00:00\",\"breadcrumb\":{\"@id\":\"https:\/\/isdi-ks.com\/index.php\/sq\/hartimin-dhe-implementimin-e-projekteve-zhvillimore\/#breadcrumb\"},\"inLanguage\":\"en-US\",\"potentialAction\":[{\"@type\":\"ReadAction\",\"target\":[\"https:\/\/isdi-ks.com\/index.php\/sq\/hartimin-dhe-implementimin-e-projekteve-zhvillimore\/\"]}]},{\"@type\":\"ImageObject\",\"inLanguage\":\"en-US\",\"@id\":\"https:\/\/isdi-ks.com\/index.php\/sq\/hartimin-dhe-implementimin-e-projekteve-zhvillimore\/#primaryimage\",\"url\":\"https:\/\/isdi-ks.com\/wp-content\/uploads\/2024\/01\/crop-people-working-with-plans-tablet-scaled.jpg\",\"contentUrl\":\"https:\/\/isdi-ks.com\/wp-content\/uploads\/2024\/01\/crop-people-working-with-plans-tablet-scaled.jpg\",\"width\":2560,\"height\":1707},{\"@type\":\"BreadcrumbList\",\"@id\":\"https:\/\/isdi-ks.com\/index.php\/sq\/hartimin-dhe-implementimin-e-projekteve-zhvillimore\/#breadcrumb\",\"itemListElement\":[{\"@type\":\"ListItem\",\"position\":1,\"name\":\"Home\",\"item\":\"https:\/\/isdi-ks.com\/index.php\/sq\/home-4\/\"},{\"@type\":\"ListItem\",\"position\":2,\"name\":\"Hartimin dhe implementimin e projekteve zhvillimore\"}]},{\"@type\":\"WebSite\",\"@id\":\"https:\/\/isdi-ks.com\/#website\",\"url\":\"https:\/\/isdi-ks.com\/\",\"name\":\"Instituti ISDI\",\"description\":\"Instituti ISDI\",\"publisher\":{\"@id\":\"https:\/\/isdi-ks.com\/#organization\"},\"potentialAction\":[{\"@type\":\"SearchAction\",\"target\":{\"@type\":\"EntryPoint\",\"urlTemplate\":\"https:\/\/isdi-ks.com\/?s={search_term_string}\"},\"query-input\":{\"@type\":\"PropertyValueSpecification\",\"valueRequired\":true,\"valueName\":\"search_term_string\"}}],\"inLanguage\":\"en-US\"},{\"@type\":\"Organization\",\"@id\":\"https:\/\/isdi-ks.com\/#organization\",\"name\":\"Instituti ISDI\",\"url\":\"https:\/\/isdi-ks.com\/\",\"logo\":{\"@type\":\"ImageObject\",\"inLanguage\":\"en-US\",\"@id\":\"https:\/\/isdi-ks.com\/#\/schema\/logo\/image\/\",\"url\":\"https:\/\/isdi-ks.com\/wp-content\/uploads\/2024\/01\/image_6487327-2.png\",\"contentUrl\":\"https:\/\/isdi-ks.com\/wp-content\/uploads\/2024\/01\/image_6487327-2.png\",\"width\":733,\"height\":470,\"caption\":\"Instituti ISDI\"},\"image\":{\"@id\":\"https:\/\/isdi-ks.com\/#\/schema\/logo\/image\/\"}}]}<\/script>\n<!-- \/ Yoast SEO plugin. -->","yoast_head_json":{"title":"Hartimin dhe implementimin e projekteve zhvillimore - Isdi","robots":{"index":"index","follow":"follow","max-snippet":"max-snippet:-1","max-image-preview":"max-image-preview:large","max-video-preview":"max-video-preview:-1"},"canonical":"https:\/\/isdi-ks.com\/index.php\/sq\/hartimin-dhe-implementimin-e-projekteve-zhvillimore\/","og_locale":"en_US","og_type":"article","og_title":"Hartimin dhe implementimin e projekteve zhvillimore - Isdi","og_description":"Instituti i Sociologjis\u00eb, K\u00ebrkimeve Demografike dhe Inovacionit Hartimin dhe implementimin e projekteve zhvillimore Hartimin dhe implementimin e projekteve zhvillimore \u00cbsht\u00eb i specializuar n\u00eb hartimin dhe implementimin e projekteve zhvillimore n\u00eb [&hellip;]","og_url":"https:\/\/isdi-ks.com\/index.php\/sq\/hartimin-dhe-implementimin-e-projekteve-zhvillimore\/","og_site_name":"Isdi","article_modified_time":"2024-01-04T12:15:03+00:00","og_image":[{"url":"https:\/\/isdi-ks.com\/wp-content\/uploads\/2024\/01\/crop-people-working-with-plans-tablet-1024x683.jpg","type":"","width":"","height":""}],"twitter_card":"summary_large_image","twitter_misc":{"Est. reading time":"1 minute"},"schema":{"@context":"https:\/\/schema.org","@graph":[{"@type":"WebPage","@id":"https:\/\/isdi-ks.com\/index.php\/sq\/hartimin-dhe-implementimin-e-projekteve-zhvillimore\/","url":"https:\/\/isdi-ks.com\/index.php\/sq\/hartimin-dhe-implementimin-e-projekteve-zhvillimore\/","name":"Hartimin dhe implementimin e projekteve zhvillimore - Isdi","isPartOf":{"@id":"https:\/\/isdi-ks.com\/#website"},"primaryImageOfPage":{"@id":"https:\/\/isdi-ks.com\/index.php\/sq\/hartimin-dhe-implementimin-e-projekteve-zhvillimore\/#primaryimage"},"image":{"@id":"https:\/\/isdi-ks.com\/index.php\/sq\/hartimin-dhe-implementimin-e-projekteve-zhvillimore\/#primaryimage"},"thumbnailUrl":"https:\/\/isdi-ks.com\/wp-content\/uploads\/2024\/01\/crop-people-working-with-plans-tablet-1024x683.jpg","datePublished":"2024-01-04T09:28:27+00:00","dateModified":"2024-01-04T12:15:03+00:00","breadcrumb":{"@id":"https:\/\/isdi-ks.com\/index.php\/sq\/hartimin-dhe-implementimin-e-projekteve-zhvillimore\/#breadcrumb"},"inLanguage":"en-US","potentialAction":[{"@type":"ReadAction","target":["https:\/\/isdi-ks.com\/index.php\/sq\/hartimin-dhe-implementimin-e-projekteve-zhvillimore\/"]}]},{"@type":"ImageObject","inLanguage":"en-US","@id":"https:\/\/isdi-ks.com\/index.php\/sq\/hartimin-dhe-implementimin-e-projekteve-zhvillimore\/#primaryimage","url":"https:\/\/isdi-ks.com\/wp-content\/uploads\/2024\/01\/crop-people-working-with-plans-tablet-scaled.jpg","contentUrl":"https:\/\/isdi-ks.com\/wp-content\/uploads\/2024\/01\/crop-people-working-with-plans-tablet-scaled.jpg","width":2560,"height":1707},{"@type":"BreadcrumbList","@id":"https:\/\/isdi-ks.com\/index.php\/sq\/hartimin-dhe-implementimin-e-projekteve-zhvillimore\/#breadcrumb","itemListElement":[{"@type":"ListItem","position":1,"name":"Home","item":"https:\/\/isdi-ks.com\/index.php\/sq\/home-4\/"},{"@type":"ListItem","position":2,"name":"Hartimin dhe implementimin e projekteve zhvillimore"}]},{"@type":"WebSite","@id":"https:\/\/isdi-ks.com\/#website","url":"https:\/\/isdi-ks.com\/","name":"Instituti ISDI","description":"Instituti ISDI","publisher":{"@id":"https:\/\/isdi-ks.com\/#organization"},"potentialAction":[{"@type":"SearchAction","target":{"@type":"EntryPoint","urlTemplate":"https:\/\/isdi-ks.com\/?s={search_term_string}"},"query-input":{"@type":"PropertyValueSpecification","valueRequired":true,"valueName":"search_term_string"}}],"inLanguage":"en-US"},{"@type":"Organization","@id":"https:\/\/isdi-ks.com\/#organization","name":"Instituti ISDI","url":"https:\/\/isdi-ks.com\/","logo":{"@type":"ImageObject","inLanguage":"en-US","@id":"https:\/\/isdi-ks.com\/#\/schema\/logo\/image\/","url":"https:\/\/isdi-ks.com\/wp-content\/uploads\/2024\/01\/image_6487327-2.png","contentUrl":"https:\/\/isdi-ks.com\/wp-content\/uploads\/2024\/01\/image_6487327-2.png","width":733,"height":470,"caption":"Instituti ISDI"},"image":{"@id":"https:\/\/isdi-ks.com\/#\/schema\/logo\/image\/"}}]}},"_links":{"self":[{"href":"https:\/\/isdi-ks.com\/index.php\/wp-json\/wp\/v2\/pages\/1053","targetHints":{"allow":["GET"]}}],"collection":[{"href":"https:\/\/isdi-ks.com\/index.php\/wp-json\/wp\/v2\/pages"}],"about":[{"href":"https:\/\/isdi-ks.com\/index.php\/wp-json\/wp\/v2\/types\/page"}],"author":[{"embeddable":true,"href":"https:\/\/isdi-ks.com\/index.php\/wp-json\/wp\/v2\/users\/1"}],"replies":[{"embeddable":true,"href":"https:\/\/isdi-ks.com\/index.php\/wp-json\/wp\/v2\/comments?post=1053"}],"version-history":[{"count":0,"href":"https:\/\/isdi-ks.com\/index.php\/wp-json\/wp\/v2\/pages\/1053\/revisions"}],"wp:attachment":[{"href":"https:\/\/isdi-ks.com\/index.php\/wp-json\/wp\/v2\/media?parent=1053"}],"curies":[{"name":"wp","href":"https:\/\/api.w.org\/{rel}","templated":true}]}}